{"id":31676,"date":"2025-11-13T13:58:33","date_gmt":"2025-11-13T13:58:33","guid":{"rendered":"https:\/\/rimdrivetechnology.nl\/product\/instapmodel-display-32-inch\/"},"modified":"2026-04-16T09:17:51","modified_gmt":"2026-04-16T09:17:51","slug":"instapmodel-display","status":"publish","type":"product","link":"https:\/\/rimdrivetechnology.nl\/nl\/product\/instapmodel-display\/","title":{"rendered":"Instapmodel display"},"content":{"rendered":"<h1>Instapmodel display<\/h1>\n<p>Onze instapmodel display biedt duidelijk, real-time inzicht in de status van je batterij en de prestaties van je motor. Het heldere en compacte scherm is uitstekend leesbaar onder alle omstandigheden, zodat je essenti\u00eble systeemgegevens in \u00e9\u00e9n oogopslag kunt bekijken. Dit maakt de dagelijkse bediening veiliger, effici\u00ebnter en gemakkelijker voor zowel recreatieve als professionele gebruikers.  <\/p>\n<p>Deze display is ontworpen voor gebruikers die waarde hechten aan eenvoud en betrouwbaarheid en biedt alle belangrijke informatie zonder onnodige complexiteit. Dankzij het compacte en budgetvriendelijke ontwerp kan het display moeiteloos worden ge\u00efnstalleerd op sturen, consoles of dashboards. <\/p>\n<h2>Totaaloplossing bieden<\/h2>\n<p>Om een totale systeemoplossing te bieden, bieden we een breed scala aan compatibele<a href=\"https:\/\/rimdrivetechnology.nl\/nl\/product-categorie\/accessoires\/\">accessoires<\/a>. Hieronder vallen gashendels, kabelsets, extra displays, zekeringen en veiligheidsproducten. Elk accessoire is ontworpen om naadloos samen te werken met onze elektrische aandrijfsystemen. Voor gebruikers die op zoek zijn naar extra functionaliteit bieden we ook <a href=\"https:\/\/rimdrivetechnology.nl\/nl\/product-categorie\/accessoires\/monitoren\/\">andere monitoren en displays<\/a> met uitgebreide functies en visualisatiemogelijkheden.   <\/p>\n<h3>Compatibel instapniveau scherm<\/h3>\n<p>De display is volledig compatibel met onze elektrische aandrijfproducten en accessoires, waardoor het een betrouwbare keuze is voor gebruikers die op zoek zijn naar een duidelijke en effici\u00ebnte bewakingsoplossing. Door gebruik te maken van onze CAN-converter zijn onze aandrijfsystemen bovendien compatibel met geselecteerde displays van derden, waardoor flexibele systeemintegratie mogelijk is. <\/p>\n","protected":false},"excerpt":{"rendered":"<p>Onze instapmodel display biedt realtime inzicht: het is een helder, compact scherm dat je inzicht geeft in de prestaties van je accu en motor. Dit instapmodel display is speciaal ontworpen voor iedereen die waarde hecht aan gebruiksgemak en betrouwbaarheid. Dankzij het compacte en budgetvriendelijke ontwerp past het instapmodel display moeiteloos op je stuur.  <\/p>\n","protected":false},"featured_media":31615,"comment_status":"open","ping_status":"closed","template":"","meta":{"_acf_changed":false},"product_brand":[],"product_cat":[380,381],"product_tag":[],"class_list":{"0":"post-31676","1":"product","2":"type-product","3":"status-publish","4":"has-post-thumbnail","6":"product_cat-accessoires","7":"product_cat-monitoren","9":"first","10":"instock","11":"shipping-taxable","12":"purchasable","13":"product-type-simple"},"acf":[],"yoast_head":"<!-- This site is optimized with the Yoast SEO plugin v27.5 - https:\/\/yoast.com\/product\/yoast-seo-wordpress\/ -->\n<title>Instapmodel display I Rim Drive Technology<\/title>\n<meta name=\"description\" content=\"Het instapmodel display biedt realtime inzicht in de prestaties van batterijen en motoren. Compact, betrouwbaar en eenvoudig te gebruiken binnen elektrische aandrijfsystemen.\" \/>\n<meta name=\"robots\" content=\"index, follow, max-snippet:-1, max-image-preview:large, max-video-preview:-1\" \/>\n<link rel=\"canonical\" href=\"https:\/\/rimdrivetechnology.nl\/nl\/product\/instapmodel-display\/\" \/>\n<meta property=\"og:locale\" content=\"nl_NL\" \/>\n<meta property=\"og:type\" content=\"article\" \/>\n<meta property=\"og:title\" content=\"Instapmodel display I Rim Drive Technology\" \/>\n<meta property=\"og:description\" content=\"Het instapmodel display biedt realtime inzicht in de prestaties van batterijen en motoren. Compact, betrouwbaar en eenvoudig te gebruiken binnen elektrische aandrijfsystemen.\" \/>\n<meta property=\"og:url\" content=\"https:\/\/rimdrivetechnology.nl\/nl\/product\/instapmodel-display\/\" \/>\n<meta property=\"og:site_name\" content=\"Rim Drive Technology\" \/>\n<meta property=\"article:modified_time\" content=\"2026-04-16T09:17:51+00:00\" \/>\n<meta property=\"og:image\" content=\"https:\/\/rimdrivetechnology.nl\/wp-content\/uploads\/2025\/11\/EL-display.png\" \/>\n\t<meta property=\"og:image:width\" content=\"1500\" \/>\n\t<meta property=\"og:image:height\" content=\"1500\" \/>\n\t<meta property=\"og:image:type\" content=\"image\/png\" \/>\n<meta name=\"twitter:card\" content=\"summary_large_image\" \/>\n<meta name=\"twitter:label1\" content=\"Geschatte leestijd\" \/>\n\t<meta name=\"twitter:data1\" content=\"1 minuut\" \/>\n<script type=\"application\/ld+json\" class=\"yoast-schema-graph\">{\"@context\":\"https:\\\/\\\/schema.org\",\"@graph\":[{\"@type\":\"WebPage\",\"@id\":\"https:\\\/\\\/rimdrivetechnology.nl\\\/nl\\\/product\\\/instapmodel-display\\\/\",\"url\":\"https:\\\/\\\/rimdrivetechnology.nl\\\/nl\\\/product\\\/instapmodel-display\\\/\",\"name\":\"Instapmodel display I Rim Drive Technology\",\"isPartOf\":{\"@id\":\"https:\\\/\\\/rimdrivetechnology.nl\\\/#website\"},\"primaryImageOfPage\":{\"@id\":\"https:\\\/\\\/rimdrivetechnology.nl\\\/nl\\\/product\\\/instapmodel-display\\\/#primaryimage\"},\"image\":{\"@id\":\"https:\\\/\\\/rimdrivetechnology.nl\\\/nl\\\/product\\\/instapmodel-display\\\/#primaryimage\"},\"thumbnailUrl\":\"https:\\\/\\\/rimdrivetechnology.nl\\\/wp-content\\\/uploads\\\/2025\\\/11\\\/EL-display.png\",\"datePublished\":\"2025-11-13T13:58:33+00:00\",\"dateModified\":\"2026-04-16T09:17:51+00:00\",\"description\":\"Het instapmodel display biedt realtime inzicht in de prestaties van batterijen en motoren. Compact, betrouwbaar en eenvoudig te gebruiken binnen elektrische aandrijfsystemen.\",\"breadcrumb\":{\"@id\":\"https:\\\/\\\/rimdrivetechnology.nl\\\/nl\\\/product\\\/instapmodel-display\\\/#breadcrumb\"},\"inLanguage\":\"nl-NL\",\"potentialAction\":[{\"@type\":\"ReadAction\",\"target\":[\"https:\\\/\\\/rimdrivetechnology.nl\\\/nl\\\/product\\\/instapmodel-display\\\/\"]}]},{\"@type\":\"ImageObject\",\"inLanguage\":\"nl-NL\",\"@id\":\"https:\\\/\\\/rimdrivetechnology.nl\\\/nl\\\/product\\\/instapmodel-display\\\/#primaryimage\",\"url\":\"https:\\\/\\\/rimdrivetechnology.nl\\\/wp-content\\\/uploads\\\/2025\\\/11\\\/EL-display.png\",\"contentUrl\":\"https:\\\/\\\/rimdrivetechnology.nl\\\/wp-content\\\/uploads\\\/2025\\\/11\\\/EL-display.png\",\"width\":1500,\"height\":1500,\"caption\":\"Entry Level Display from Rim Drive Technology\"},{\"@type\":\"BreadcrumbList\",\"@id\":\"https:\\\/\\\/rimdrivetechnology.nl\\\/nl\\\/product\\\/instapmodel-display\\\/#breadcrumb\",\"itemListElement\":[{\"@type\":\"ListItem\",\"position\":1,\"name\":\"Home\",\"item\":\"https:\\\/\\\/rimdrivetechnology.nl\\\/nl\\\/\"},{\"@type\":\"ListItem\",\"position\":2,\"name\":\"Products\",\"item\":\"https:\\\/\\\/rimdrivetechnology.nl\\\/shop\\\/\"},{\"@type\":\"ListItem\",\"position\":3,\"name\":\"Instapmodel display\"}]},{\"@type\":\"WebSite\",\"@id\":\"https:\\\/\\\/rimdrivetechnology.nl\\\/#website\",\"url\":\"https:\\\/\\\/rimdrivetechnology.nl\\\/\",\"name\":\"Rim Drive Technology\",\"description\":\"\",\"potentialAction\":[{\"@type\":\"SearchAction\",\"target\":{\"@type\":\"EntryPoint\",\"urlTemplate\":\"https:\\\/\\\/rimdrivetechnology.nl\\\/?s={search_term_string}\"},\"query-input\":{\"@type\":\"PropertyValueSpecification\",\"valueRequired\":true,\"valueName\":\"search_term_string\"}}],\"inLanguage\":\"nl-NL\"}]}<\/script>\n<!-- \/ Yoast SEO plugin. -->","yoast_head_json":{"title":"Instapmodel display I Rim Drive Technology","description":"Het instapmodel display biedt realtime inzicht in de prestaties van batterijen en motoren. Compact, betrouwbaar en eenvoudig te gebruiken binnen elektrische aandrijfsystemen.","robots":{"index":"index","follow":"follow","max-snippet":"max-snippet:-1","max-image-preview":"max-image-preview:large","max-video-preview":"max-video-preview:-1"},"canonical":"https:\/\/rimdrivetechnology.nl\/nl\/product\/instapmodel-display\/","og_locale":"nl_NL","og_type":"article","og_title":"Instapmodel display I Rim Drive Technology","og_description":"Het instapmodel display biedt realtime inzicht in de prestaties van batterijen en motoren. Compact, betrouwbaar en eenvoudig te gebruiken binnen elektrische aandrijfsystemen.","og_url":"https:\/\/rimdrivetechnology.nl\/nl\/product\/instapmodel-display\/","og_site_name":"Rim Drive Technology","article_modified_time":"2026-04-16T09:17:51+00:00","og_image":[{"width":1500,"height":1500,"url":"https:\/\/rimdrivetechnology.nl\/wp-content\/uploads\/2025\/11\/EL-display.png","type":"image\/png"}],"twitter_card":"summary_large_image","twitter_misc":{"Geschatte leestijd":"1 minuut"},"schema":{"@context":"https:\/\/schema.org","@graph":[{"@type":"WebPage","@id":"https:\/\/rimdrivetechnology.nl\/nl\/product\/instapmodel-display\/","url":"https:\/\/rimdrivetechnology.nl\/nl\/product\/instapmodel-display\/","name":"Instapmodel display I Rim Drive Technology","isPartOf":{"@id":"https:\/\/rimdrivetechnology.nl\/#website"},"primaryImageOfPage":{"@id":"https:\/\/rimdrivetechnology.nl\/nl\/product\/instapmodel-display\/#primaryimage"},"image":{"@id":"https:\/\/rimdrivetechnology.nl\/nl\/product\/instapmodel-display\/#primaryimage"},"thumbnailUrl":"https:\/\/rimdrivetechnology.nl\/wp-content\/uploads\/2025\/11\/EL-display.png","datePublished":"2025-11-13T13:58:33+00:00","dateModified":"2026-04-16T09:17:51+00:00","description":"Het instapmodel display biedt realtime inzicht in de prestaties van batterijen en motoren. Compact, betrouwbaar en eenvoudig te gebruiken binnen elektrische aandrijfsystemen.","breadcrumb":{"@id":"https:\/\/rimdrivetechnology.nl\/nl\/product\/instapmodel-display\/#breadcrumb"},"inLanguage":"nl-NL","potentialAction":[{"@type":"ReadAction","target":["https:\/\/rimdrivetechnology.nl\/nl\/product\/instapmodel-display\/"]}]},{"@type":"ImageObject","inLanguage":"nl-NL","@id":"https:\/\/rimdrivetechnology.nl\/nl\/product\/instapmodel-display\/#primaryimage","url":"https:\/\/rimdrivetechnology.nl\/wp-content\/uploads\/2025\/11\/EL-display.png","contentUrl":"https:\/\/rimdrivetechnology.nl\/wp-content\/uploads\/2025\/11\/EL-display.png","width":1500,"height":1500,"caption":"Entry Level Display from Rim Drive Technology"},{"@type":"BreadcrumbList","@id":"https:\/\/rimdrivetechnology.nl\/nl\/product\/instapmodel-display\/#breadcrumb","itemListElement":[{"@type":"ListItem","position":1,"name":"Home","item":"https:\/\/rimdrivetechnology.nl\/nl\/"},{"@type":"ListItem","position":2,"name":"Products","item":"https:\/\/rimdrivetechnology.nl\/shop\/"},{"@type":"ListItem","position":3,"name":"Instapmodel display"}]},{"@type":"WebSite","@id":"https:\/\/rimdrivetechnology.nl\/#website","url":"https:\/\/rimdrivetechnology.nl\/","name":"Rim Drive Technology","description":"","potentialAction":[{"@type":"SearchAction","target":{"@type":"EntryPoint","urlTemplate":"https:\/\/rimdrivetechnology.nl\/?s={search_term_string}"},"query-input":{"@type":"PropertyValueSpecification","valueRequired":true,"valueName":"search_term_string"}}],"inLanguage":"nl-NL"}]}},"_links":{"self":[{"href":"https:\/\/rimdrivetechnology.nl\/nl\/wp-json\/wp\/v2\/product\/31676","targetHints":{"allow":["GET"]}}],"collection":[{"href":"https:\/\/rimdrivetechnology.nl\/nl\/wp-json\/wp\/v2\/product"}],"about":[{"href":"https:\/\/rimdrivetechnology.nl\/nl\/wp-json\/wp\/v2\/types\/product"}],"replies":[{"embeddable":true,"href":"https:\/\/rimdrivetechnology.nl\/nl\/wp-json\/wp\/v2\/comments?post=31676"}],"wp:featuredmedia":[{"embeddable":true,"href":"https:\/\/rimdrivetechnology.nl\/nl\/wp-json\/wp\/v2\/media\/31615"}],"wp:attachment":[{"href":"https:\/\/rimdrivetechnology.nl\/nl\/wp-json\/wp\/v2\/media?parent=31676"}],"wp:term":[{"taxonomy":"product_brand","embeddable":true,"href":"https:\/\/rimdrivetechnology.nl\/nl\/wp-json\/wp\/v2\/product_brand?post=31676"},{"taxonomy":"product_cat","embeddable":true,"href":"https:\/\/rimdrivetechnology.nl\/nl\/wp-json\/wp\/v2\/product_cat?post=31676"},{"taxonomy":"product_tag","embeddable":true,"href":"https:\/\/rimdrivetechnology.nl\/nl\/wp-json\/wp\/v2\/product_tag?post=31676"}],"curies":[{"name":"wp","href":"https:\/\/api.w.org\/{rel}","templated":true}]}}