{"id":34963,"date":"2025-01-02T09:15:43","date_gmt":"2025-01-02T09:15:43","guid":{"rendered":"https:\/\/rimdrivetechnology.nl\/product\/anode\/"},"modified":"2026-03-03T13:25:36","modified_gmt":"2026-03-03T13:25:36","slug":"anode","status":"publish","type":"product","link":"https:\/\/rimdrivetechnology.nl\/de\/produkt\/anode\/","title":{"rendered":"Anode"},"content":{"rendered":"<p>Diese Anode ist speziell f\u00fcr Elektromotoren konzipiert, um zuverl\u00e4ssigen Schutz vor Korrosion zu bieten. Das benutzerfreundliche Design sorgt daf\u00fcr, dass es einfach zu ersetzen ist, was die Wartung einfach und effizient macht. Ideal, um die Lebensdauer Ihres Motors zu verl\u00e4ngern.  <\/p>\n","protected":false},"excerpt":{"rendered":"<p>Diese Anode ist speziell f\u00fcr Elektromotoren konzipiert, um zuverl\u00e4ssigen Schutz vor Korrosion zu bieten. Das benutzerfreundliche Design sorgt daf\u00fcr, dass es einfach zu ersetzen ist, was die Wartung einfach und effizient macht. Ideal, um die Lebensdauer Ihres Motors zu verl\u00e4ngern.  <\/p>\n","protected":false},"featured_media":34964,"comment_status":"open","ping_status":"closed","template":"","meta":{"_acf_changed":false},"product_brand":[],"product_cat":[440],"product_tag":[],"class_list":{"0":"post-34963","1":"product","2":"type-product","3":"status-publish","4":"has-post-thumbnail","6":"product_cat-keine-kategorie","8":"first","9":"instock","10":"shipping-taxable","11":"product-type-simple"},"acf":[],"yoast_head":"<!-- This site is optimized with the Yoast SEO plugin v27.5 - https:\/\/yoast.com\/product\/yoast-seo-wordpress\/ -->\n<title>Anode - Rim Drive Technology<\/title>\n<meta name=\"description\" content=\"Diese Anode ist speziell f\u00fcr Elektromotoren konzipiert, um zuverl\u00e4ssigen Schutz vor Korrosion zu bieten. Ideal, um die Lebensdauer Ihres Motors zu verl\u00e4ngern.\" \/>\n<meta name=\"robots\" content=\"index, follow, max-snippet:-1, max-image-preview:large, max-video-preview:-1\" \/>\n<link rel=\"canonical\" href=\"https:\/\/rimdrivetechnology.nl\/de\/produkt\/anode\/\" \/>\n<meta property=\"og:locale\" content=\"de_DE\" \/>\n<meta property=\"og:type\" content=\"article\" \/>\n<meta property=\"og:title\" content=\"Anode - Rim Drive Technology\" \/>\n<meta property=\"og:description\" content=\"Diese Anode ist speziell f\u00fcr Elektromotoren konzipiert, um zuverl\u00e4ssigen Schutz vor Korrosion zu bieten. Ideal, um die Lebensdauer Ihres Motors zu verl\u00e4ngern.\" \/>\n<meta property=\"og:url\" content=\"https:\/\/rimdrivetechnology.nl\/de\/produkt\/anode\/\" \/>\n<meta property=\"og:site_name\" content=\"Rim Drive Technology\" \/>\n<meta property=\"article:modified_time\" content=\"2026-03-03T13:25:36+00:00\" \/>\n<meta property=\"og:image\" content=\"https:\/\/rimdrivetechnology.nl\/wp-content\/uploads\/2025\/01\/RDT20210805-5567.png\" \/>\n\t<meta property=\"og:image:width\" content=\"1600\" \/>\n\t<meta property=\"og:image:height\" content=\"744\" \/>\n\t<meta property=\"og:image:type\" content=\"image\/png\" \/>\n<meta name=\"twitter:card\" content=\"summary_large_image\" \/>\n<script type=\"application\/ld+json\" class=\"yoast-schema-graph\">{\"@context\":\"https:\\\/\\\/schema.org\",\"@graph\":[{\"@type\":\"WebPage\",\"@id\":\"https:\\\/\\\/rimdrivetechnology.nl\\\/de\\\/produkt\\\/anode\\\/\",\"url\":\"https:\\\/\\\/rimdrivetechnology.nl\\\/de\\\/produkt\\\/anode\\\/\",\"name\":\"Anode - Rim Drive Technology\",\"isPartOf\":{\"@id\":\"https:\\\/\\\/rimdrivetechnology.nl\\\/#website\"},\"primaryImageOfPage\":{\"@id\":\"https:\\\/\\\/rimdrivetechnology.nl\\\/de\\\/produkt\\\/anode\\\/#primaryimage\"},\"image\":{\"@id\":\"https:\\\/\\\/rimdrivetechnology.nl\\\/de\\\/produkt\\\/anode\\\/#primaryimage\"},\"thumbnailUrl\":\"https:\\\/\\\/rimdrivetechnology.nl\\\/wp-content\\\/uploads\\\/2025\\\/01\\\/RDT20210805-5567.png\",\"datePublished\":\"2025-01-02T09:15:43+00:00\",\"dateModified\":\"2026-03-03T13:25:36+00:00\",\"description\":\"Diese Anode ist speziell f\u00fcr Elektromotoren konzipiert, um zuverl\u00e4ssigen Schutz vor Korrosion zu bieten. Ideal, um die Lebensdauer Ihres Motors zu verl\u00e4ngern.\",\"breadcrumb\":{\"@id\":\"https:\\\/\\\/rimdrivetechnology.nl\\\/de\\\/produkt\\\/anode\\\/#breadcrumb\"},\"inLanguage\":\"de\",\"potentialAction\":[{\"@type\":\"ReadAction\",\"target\":[\"https:\\\/\\\/rimdrivetechnology.nl\\\/de\\\/produkt\\\/anode\\\/\"]}]},{\"@type\":\"ImageObject\",\"inLanguage\":\"de\",\"@id\":\"https:\\\/\\\/rimdrivetechnology.nl\\\/de\\\/produkt\\\/anode\\\/#primaryimage\",\"url\":\"https:\\\/\\\/rimdrivetechnology.nl\\\/wp-content\\\/uploads\\\/2025\\\/01\\\/RDT20210805-5567.png\",\"contentUrl\":\"https:\\\/\\\/rimdrivetechnology.nl\\\/wp-content\\\/uploads\\\/2025\\\/01\\\/RDT20210805-5567.png\",\"width\":1600,\"height\":744},{\"@type\":\"BreadcrumbList\",\"@id\":\"https:\\\/\\\/rimdrivetechnology.nl\\\/de\\\/produkt\\\/anode\\\/#breadcrumb\",\"itemListElement\":[{\"@type\":\"ListItem\",\"position\":1,\"name\":\"Home\",\"item\":\"https:\\\/\\\/rimdrivetechnology.nl\\\/de\\\/\"},{\"@type\":\"ListItem\",\"position\":2,\"name\":\"Products\",\"item\":\"https:\\\/\\\/rimdrivetechnology.nl\\\/shop\\\/\"},{\"@type\":\"ListItem\",\"position\":3,\"name\":\"Anode\"}]},{\"@type\":\"WebSite\",\"@id\":\"https:\\\/\\\/rimdrivetechnology.nl\\\/#website\",\"url\":\"https:\\\/\\\/rimdrivetechnology.nl\\\/\",\"name\":\"Rim Drive Technology\",\"description\":\"\",\"potentialAction\":[{\"@type\":\"SearchAction\",\"target\":{\"@type\":\"EntryPoint\",\"urlTemplate\":\"https:\\\/\\\/rimdrivetechnology.nl\\\/?s={search_term_string}\"},\"query-input\":{\"@type\":\"PropertyValueSpecification\",\"valueRequired\":true,\"valueName\":\"search_term_string\"}}],\"inLanguage\":\"de\"}]}<\/script>\n<!-- \/ Yoast SEO plugin. -->","yoast_head_json":{"title":"Anode - Rim Drive Technology","description":"Diese Anode ist speziell f\u00fcr Elektromotoren konzipiert, um zuverl\u00e4ssigen Schutz vor Korrosion zu bieten. Ideal, um die Lebensdauer Ihres Motors zu verl\u00e4ngern.","robots":{"index":"index","follow":"follow","max-snippet":"max-snippet:-1","max-image-preview":"max-image-preview:large","max-video-preview":"max-video-preview:-1"},"canonical":"https:\/\/rimdrivetechnology.nl\/de\/produkt\/anode\/","og_locale":"de_DE","og_type":"article","og_title":"Anode - Rim Drive Technology","og_description":"Diese Anode ist speziell f\u00fcr Elektromotoren konzipiert, um zuverl\u00e4ssigen Schutz vor Korrosion zu bieten. Ideal, um die Lebensdauer Ihres Motors zu verl\u00e4ngern.","og_url":"https:\/\/rimdrivetechnology.nl\/de\/produkt\/anode\/","og_site_name":"Rim Drive Technology","article_modified_time":"2026-03-03T13:25:36+00:00","og_image":[{"width":1600,"height":744,"url":"https:\/\/rimdrivetechnology.nl\/wp-content\/uploads\/2025\/01\/RDT20210805-5567.png","type":"image\/png"}],"twitter_card":"summary_large_image","schema":{"@context":"https:\/\/schema.org","@graph":[{"@type":"WebPage","@id":"https:\/\/rimdrivetechnology.nl\/de\/produkt\/anode\/","url":"https:\/\/rimdrivetechnology.nl\/de\/produkt\/anode\/","name":"Anode - Rim Drive Technology","isPartOf":{"@id":"https:\/\/rimdrivetechnology.nl\/#website"},"primaryImageOfPage":{"@id":"https:\/\/rimdrivetechnology.nl\/de\/produkt\/anode\/#primaryimage"},"image":{"@id":"https:\/\/rimdrivetechnology.nl\/de\/produkt\/anode\/#primaryimage"},"thumbnailUrl":"https:\/\/rimdrivetechnology.nl\/wp-content\/uploads\/2025\/01\/RDT20210805-5567.png","datePublished":"2025-01-02T09:15:43+00:00","dateModified":"2026-03-03T13:25:36+00:00","description":"Diese Anode ist speziell f\u00fcr Elektromotoren konzipiert, um zuverl\u00e4ssigen Schutz vor Korrosion zu bieten. Ideal, um die Lebensdauer Ihres Motors zu verl\u00e4ngern.","breadcrumb":{"@id":"https:\/\/rimdrivetechnology.nl\/de\/produkt\/anode\/#breadcrumb"},"inLanguage":"de","potentialAction":[{"@type":"ReadAction","target":["https:\/\/rimdrivetechnology.nl\/de\/produkt\/anode\/"]}]},{"@type":"ImageObject","inLanguage":"de","@id":"https:\/\/rimdrivetechnology.nl\/de\/produkt\/anode\/#primaryimage","url":"https:\/\/rimdrivetechnology.nl\/wp-content\/uploads\/2025\/01\/RDT20210805-5567.png","contentUrl":"https:\/\/rimdrivetechnology.nl\/wp-content\/uploads\/2025\/01\/RDT20210805-5567.png","width":1600,"height":744},{"@type":"BreadcrumbList","@id":"https:\/\/rimdrivetechnology.nl\/de\/produkt\/anode\/#breadcrumb","itemListElement":[{"@type":"ListItem","position":1,"name":"Home","item":"https:\/\/rimdrivetechnology.nl\/de\/"},{"@type":"ListItem","position":2,"name":"Products","item":"https:\/\/rimdrivetechnology.nl\/shop\/"},{"@type":"ListItem","position":3,"name":"Anode"}]},{"@type":"WebSite","@id":"https:\/\/rimdrivetechnology.nl\/#website","url":"https:\/\/rimdrivetechnology.nl\/","name":"Rim Drive Technology","description":"","potentialAction":[{"@type":"SearchAction","target":{"@type":"EntryPoint","urlTemplate":"https:\/\/rimdrivetechnology.nl\/?s={search_term_string}"},"query-input":{"@type":"PropertyValueSpecification","valueRequired":true,"valueName":"search_term_string"}}],"inLanguage":"de"}]}},"_links":{"self":[{"href":"https:\/\/rimdrivetechnology.nl\/de\/wp-json\/wp\/v2\/product\/34963","targetHints":{"allow":["GET"]}}],"collection":[{"href":"https:\/\/rimdrivetechnology.nl\/de\/wp-json\/wp\/v2\/product"}],"about":[{"href":"https:\/\/rimdrivetechnology.nl\/de\/wp-json\/wp\/v2\/types\/product"}],"replies":[{"embeddable":true,"href":"https:\/\/rimdrivetechnology.nl\/de\/wp-json\/wp\/v2\/comments?post=34963"}],"wp:featuredmedia":[{"embeddable":true,"href":"https:\/\/rimdrivetechnology.nl\/de\/wp-json\/wp\/v2\/media\/34964"}],"wp:attachment":[{"href":"https:\/\/rimdrivetechnology.nl\/de\/wp-json\/wp\/v2\/media?parent=34963"}],"wp:term":[{"taxonomy":"product_brand","embeddable":true,"href":"https:\/\/rimdrivetechnology.nl\/de\/wp-json\/wp\/v2\/product_brand?post=34963"},{"taxonomy":"product_cat","embeddable":true,"href":"https:\/\/rimdrivetechnology.nl\/de\/wp-json\/wp\/v2\/product_cat?post=34963"},{"taxonomy":"product_tag","embeddable":true,"href":"https:\/\/rimdrivetechnology.nl\/de\/wp-json\/wp\/v2\/product_tag?post=34963"}],"curies":[{"name":"wp","href":"https:\/\/api.w.org\/{rel}","templated":true}]}}