{"id":34867,"date":"2026-02-24T07:00:58","date_gmt":"2026-02-24T07:00:58","guid":{"rendered":"https:\/\/rimdrivetechnology.nl\/product\/hecktriebwerk-8-0\/"},"modified":"2026-03-26T09:23:39","modified_gmt":"2026-03-26T09:23:39","slug":"heckstrahlruder-8-0","status":"publish","type":"product","link":"https:\/\/rimdrivetechnology.nl\/de\/produkt\/heckstrahlruder-8-0\/","title":{"rendered":"Heckstrahlruder 8.0"},"content":{"rendered":"<h1><strong>Heckstrahlruder<\/strong><\/h1>\n<p>Ein gro\u00dfer Vorteil unserer elektrischen Bogenmotoren ist ihre Vielseitigkeit. Sie k\u00f6nnen sie nicht nur am Bug des Bootes, sondern auch am Heck als Heckantrieb installieren. Das erleichtert das Man\u00f6vrieren, besonders beim Andocken oder beim Navigieren in engen R\u00e4umen. Du beh\u00e4ltst in jeder Situation die volle Kontrolle \u00fcber dein Schiff.   <\/p>\n<h2><strong>Einzigartiges Design<\/strong><\/h2>\n<p>W\u00e4hrend der Designphase haben wir Ziele gesetzt, um die Installations- und Servicekosten f\u00fcr unsere Nutzer zu minimieren. Durch die Verwendung nur eines rotierenden Teils haben wir geringere Wartungskosten erreicht.  Andererseits gelang es uns, eine Anode oder Propeller innerhalb von weniger als zwei Minuten zu ersetzen. Alle unsere Produkte sind salzwasserbest\u00e4ndig, um die Installation f\u00fcr jeden Bootsbesitzer zu erleichtern. Dar\u00fcber hinaus sind alle Motoren mit einer IP68-Zertifizierung zertifiziert. Wir m\u00f6chten unsere Kunden von Anfang bis Ende unterst\u00fctzen. Um dies zu erreichen, bieten wir eine breite Palette an Zubeh\u00f6r an, das die Benutzerfreundlichkeit unserer Motoren erh\u00f6ht.     Um das beste Kundenerlebnis zu bieten, arbeiten unsere Zubeh\u00f6rteile effizient mit all unseren elektrischen Antriebsmotoren.<\/p>\n<h3><strong>Modelle von 0,5 bis 75 kW<\/strong><\/h3>\n<p>Unsere Hecktriebwerke sind in einem breiten Leistungsbereich erh\u00e4ltlich. Alle Modelle basieren auf Rim Drive Technology und bieten hohen Schub, schnelle Reaktion und zuverl\u00e4ssige Leistung mit minimalem Wartungsaufwand \u2013 selbst in rauen Salzwasserumgebungen. <\/p>\n<p>Dieses Hecktriebwerk ist auch als Standardtriebwerk erh\u00e4ltlich. Entdecken Sie alle Spezifikationen, Abmessungen und Leistungsdetails in unserem <a href=\"https:\/\/rimdrivetechnology.nl\/de\/product-categorie\/maritim\/standard-bugstrahlruder\/\">Standard-Bugtriebwerksproduktsortiment.<\/a> <\/p>\n<h4><strong>Wissensaustausch und Dokumente<\/strong><\/h4>\n<p>Wir m\u00f6chten unseren Kunden den Betrieb unserer Produkte erkl\u00e4ren. Auf unserer Website finden Sie zu jedem Produkt die relevantesten Informationen. Zun\u00e4chst k\u00f6nnen Sie, um Ihnen die Art der Installation und die wichtigen Punkte unserer Produkte zu vermitteln, Handb\u00fccher herunterladen. Zweitens, um Ihnen die extrem begrenzte Gr\u00f6\u00dfe unserer Produkte zu vermitteln, und um sie einfach in Ihr Design integrieren zu k\u00f6nnen, k\u00f6nnen Sie 3D-Step-Dateien herunterladen. Um Ihnen die Eigenschaften unserer Produkte zu vermitteln, k\u00f6nnen Sie schlie\u00dflich Brosch\u00fcren herunterladen.    <\/p>\n<p>Diese Werkzeuge und Dokumente erm\u00f6glichen es dem Kunden, den richtigen elektrischen Heckantrieb f\u00fcr sein Boot auszuw\u00e4hlen.<\/p>\n","protected":false},"excerpt":{"rendered":"<p>\u00dcbernehmen Sie die volle Kontrolle \u00fcber Ihr Boot mit unserem elektrischen Heckstrahlruder mit Rim Drive-Technologie. Sanft, leise und kraftvoll macht er Andocken, enge Kurven und knifflige Man\u00f6ver v\u00f6llig m\u00fchelos. Installieren Sie ihn am Heck und genie\u00dfen Sie pr\u00e4zises Handling in jeder Situation.  <\/p>\n","protected":false},"featured_media":33178,"comment_status":"open","ping_status":"closed","template":"","meta":{"_acf_changed":false},"product_brand":[],"product_cat":[452,441],"product_tag":[],"class_list":{"0":"post-34867","1":"product","2":"type-product","3":"status-publish","4":"has-post-thumbnail","6":"product_cat-heckstrahlruder","7":"product_cat-maritim","9":"first","10":"instock","11":"shipping-taxable","12":"purchasable","13":"product-type-simple"},"acf":[],"yoast_head":"<!-- This site is optimized with the Yoast SEO plugin v27.5 - https:\/\/yoast.com\/product\/yoast-seo-wordpress\/ -->\n<title>Heckstrahlruder 8.0 - Rim Drive Technology<\/title>\n<meta name=\"description\" content=\"W\u00e4hlen Sie unser Heckstrahlruder mit 8.0kW f\u00fcr Ihr Boot. Dieses Heckstrahlruder erleichtert das Man\u00f6vrieren, insbesondere beim Anlegen oder beim Navigieren in engen Bereichen.\" \/>\n<meta name=\"robots\" content=\"index, follow, max-snippet:-1, max-image-preview:large, max-video-preview:-1\" \/>\n<link rel=\"canonical\" href=\"https:\/\/rimdrivetechnology.nl\/de\/produkt\/heckstrahlruder-8-0\/\" \/>\n<meta property=\"og:locale\" content=\"de_DE\" \/>\n<meta property=\"og:type\" content=\"article\" \/>\n<meta property=\"og:title\" content=\"Heckstrahlruder 8.0 - Rim Drive Technology\" \/>\n<meta property=\"og:description\" content=\"W\u00e4hlen Sie unser Heckstrahlruder mit 8.0kW f\u00fcr Ihr Boot. Dieses Heckstrahlruder erleichtert das Man\u00f6vrieren, insbesondere beim Anlegen oder beim Navigieren in engen Bereichen.\" \/>\n<meta property=\"og:url\" content=\"https:\/\/rimdrivetechnology.nl\/de\/produkt\/heckstrahlruder-8-0\/\" \/>\n<meta property=\"og:site_name\" content=\"Rim Drive Technology\" \/>\n<meta property=\"article:modified_time\" content=\"2026-03-26T09:23:39+00:00\" \/>\n<meta property=\"og:image\" content=\"https:\/\/rimdrivetechnology.nl\/wp-content\/uploads\/2026\/02\/Stern-thruster-8.0-15.0.png\" \/>\n\t<meta property=\"og:image:width\" content=\"1163\" \/>\n\t<meta property=\"og:image:height\" content=\"1600\" \/>\n\t<meta property=\"og:image:type\" content=\"image\/png\" \/>\n<meta name=\"twitter:card\" content=\"summary_large_image\" \/>\n<meta name=\"twitter:label1\" content=\"Gesch\u00e4tzte Lesezeit\" \/>\n\t<meta name=\"twitter:data1\" content=\"2\u00a0Minuten\" \/>\n<script type=\"application\/ld+json\" class=\"yoast-schema-graph\">{\"@context\":\"https:\\\/\\\/schema.org\",\"@graph\":[{\"@type\":\"WebPage\",\"@id\":\"https:\\\/\\\/rimdrivetechnology.nl\\\/de\\\/produkt\\\/heckstrahlruder-8-0\\\/\",\"url\":\"https:\\\/\\\/rimdrivetechnology.nl\\\/de\\\/produkt\\\/heckstrahlruder-8-0\\\/\",\"name\":\"Heckstrahlruder 8.0 - Rim Drive Technology\",\"isPartOf\":{\"@id\":\"https:\\\/\\\/rimdrivetechnology.nl\\\/#website\"},\"primaryImageOfPage\":{\"@id\":\"https:\\\/\\\/rimdrivetechnology.nl\\\/de\\\/produkt\\\/heckstrahlruder-8-0\\\/#primaryimage\"},\"image\":{\"@id\":\"https:\\\/\\\/rimdrivetechnology.nl\\\/de\\\/produkt\\\/heckstrahlruder-8-0\\\/#primaryimage\"},\"thumbnailUrl\":\"https:\\\/\\\/rimdrivetechnology.nl\\\/wp-content\\\/uploads\\\/2026\\\/02\\\/Stern-thruster-8.0-15.0.png\",\"datePublished\":\"2026-02-24T07:00:58+00:00\",\"dateModified\":\"2026-03-26T09:23:39+00:00\",\"description\":\"W\u00e4hlen Sie unser Heckstrahlruder mit 8.0kW f\u00fcr Ihr Boot. Dieses Heckstrahlruder erleichtert das Man\u00f6vrieren, insbesondere beim Anlegen oder beim Navigieren in engen Bereichen.\",\"breadcrumb\":{\"@id\":\"https:\\\/\\\/rimdrivetechnology.nl\\\/de\\\/produkt\\\/heckstrahlruder-8-0\\\/#breadcrumb\"},\"inLanguage\":\"de\",\"potentialAction\":[{\"@type\":\"ReadAction\",\"target\":[\"https:\\\/\\\/rimdrivetechnology.nl\\\/de\\\/produkt\\\/heckstrahlruder-8-0\\\/\"]}]},{\"@type\":\"ImageObject\",\"inLanguage\":\"de\",\"@id\":\"https:\\\/\\\/rimdrivetechnology.nl\\\/de\\\/produkt\\\/heckstrahlruder-8-0\\\/#primaryimage\",\"url\":\"https:\\\/\\\/rimdrivetechnology.nl\\\/wp-content\\\/uploads\\\/2026\\\/02\\\/Stern-thruster-8.0-15.0.png\",\"contentUrl\":\"https:\\\/\\\/rimdrivetechnology.nl\\\/wp-content\\\/uploads\\\/2026\\\/02\\\/Stern-thruster-8.0-15.0.png\",\"width\":1163,\"height\":1600,\"caption\":\"Hecktriebwerk 8,0 - 15,0\"},{\"@type\":\"BreadcrumbList\",\"@id\":\"https:\\\/\\\/rimdrivetechnology.nl\\\/de\\\/produkt\\\/heckstrahlruder-8-0\\\/#breadcrumb\",\"itemListElement\":[{\"@type\":\"ListItem\",\"position\":1,\"name\":\"Home\",\"item\":\"https:\\\/\\\/rimdrivetechnology.nl\\\/de\\\/\"},{\"@type\":\"ListItem\",\"position\":2,\"name\":\"Products\",\"item\":\"https:\\\/\\\/rimdrivetechnology.nl\\\/shop\\\/\"},{\"@type\":\"ListItem\",\"position\":3,\"name\":\"Heckstrahlruder 8.0\"}]},{\"@type\":\"WebSite\",\"@id\":\"https:\\\/\\\/rimdrivetechnology.nl\\\/#website\",\"url\":\"https:\\\/\\\/rimdrivetechnology.nl\\\/\",\"name\":\"Rim Drive Technology\",\"description\":\"\",\"potentialAction\":[{\"@type\":\"SearchAction\",\"target\":{\"@type\":\"EntryPoint\",\"urlTemplate\":\"https:\\\/\\\/rimdrivetechnology.nl\\\/?s={search_term_string}\"},\"query-input\":{\"@type\":\"PropertyValueSpecification\",\"valueRequired\":true,\"valueName\":\"search_term_string\"}}],\"inLanguage\":\"de\"}]}<\/script>\n<!-- \/ Yoast SEO plugin. -->","yoast_head_json":{"title":"Heckstrahlruder 8.0 - Rim Drive Technology","description":"W\u00e4hlen Sie unser Heckstrahlruder mit 8.0kW f\u00fcr Ihr Boot. Dieses Heckstrahlruder erleichtert das Man\u00f6vrieren, insbesondere beim Anlegen oder beim Navigieren in engen Bereichen.","robots":{"index":"index","follow":"follow","max-snippet":"max-snippet:-1","max-image-preview":"max-image-preview:large","max-video-preview":"max-video-preview:-1"},"canonical":"https:\/\/rimdrivetechnology.nl\/de\/produkt\/heckstrahlruder-8-0\/","og_locale":"de_DE","og_type":"article","og_title":"Heckstrahlruder 8.0 - Rim Drive Technology","og_description":"W\u00e4hlen Sie unser Heckstrahlruder mit 8.0kW f\u00fcr Ihr Boot. Dieses Heckstrahlruder erleichtert das Man\u00f6vrieren, insbesondere beim Anlegen oder beim Navigieren in engen Bereichen.","og_url":"https:\/\/rimdrivetechnology.nl\/de\/produkt\/heckstrahlruder-8-0\/","og_site_name":"Rim Drive Technology","article_modified_time":"2026-03-26T09:23:39+00:00","og_image":[{"width":1163,"height":1600,"url":"https:\/\/rimdrivetechnology.nl\/wp-content\/uploads\/2026\/02\/Stern-thruster-8.0-15.0.png","type":"image\/png"}],"twitter_card":"summary_large_image","twitter_misc":{"Gesch\u00e4tzte Lesezeit":"2\u00a0Minuten"},"schema":{"@context":"https:\/\/schema.org","@graph":[{"@type":"WebPage","@id":"https:\/\/rimdrivetechnology.nl\/de\/produkt\/heckstrahlruder-8-0\/","url":"https:\/\/rimdrivetechnology.nl\/de\/produkt\/heckstrahlruder-8-0\/","name":"Heckstrahlruder 8.0 - Rim Drive Technology","isPartOf":{"@id":"https:\/\/rimdrivetechnology.nl\/#website"},"primaryImageOfPage":{"@id":"https:\/\/rimdrivetechnology.nl\/de\/produkt\/heckstrahlruder-8-0\/#primaryimage"},"image":{"@id":"https:\/\/rimdrivetechnology.nl\/de\/produkt\/heckstrahlruder-8-0\/#primaryimage"},"thumbnailUrl":"https:\/\/rimdrivetechnology.nl\/wp-content\/uploads\/2026\/02\/Stern-thruster-8.0-15.0.png","datePublished":"2026-02-24T07:00:58+00:00","dateModified":"2026-03-26T09:23:39+00:00","description":"W\u00e4hlen Sie unser Heckstrahlruder mit 8.0kW f\u00fcr Ihr Boot. Dieses Heckstrahlruder erleichtert das Man\u00f6vrieren, insbesondere beim Anlegen oder beim Navigieren in engen Bereichen.","breadcrumb":{"@id":"https:\/\/rimdrivetechnology.nl\/de\/produkt\/heckstrahlruder-8-0\/#breadcrumb"},"inLanguage":"de","potentialAction":[{"@type":"ReadAction","target":["https:\/\/rimdrivetechnology.nl\/de\/produkt\/heckstrahlruder-8-0\/"]}]},{"@type":"ImageObject","inLanguage":"de","@id":"https:\/\/rimdrivetechnology.nl\/de\/produkt\/heckstrahlruder-8-0\/#primaryimage","url":"https:\/\/rimdrivetechnology.nl\/wp-content\/uploads\/2026\/02\/Stern-thruster-8.0-15.0.png","contentUrl":"https:\/\/rimdrivetechnology.nl\/wp-content\/uploads\/2026\/02\/Stern-thruster-8.0-15.0.png","width":1163,"height":1600,"caption":"Hecktriebwerk 8,0 - 15,0"},{"@type":"BreadcrumbList","@id":"https:\/\/rimdrivetechnology.nl\/de\/produkt\/heckstrahlruder-8-0\/#breadcrumb","itemListElement":[{"@type":"ListItem","position":1,"name":"Home","item":"https:\/\/rimdrivetechnology.nl\/de\/"},{"@type":"ListItem","position":2,"name":"Products","item":"https:\/\/rimdrivetechnology.nl\/shop\/"},{"@type":"ListItem","position":3,"name":"Heckstrahlruder 8.0"}]},{"@type":"WebSite","@id":"https:\/\/rimdrivetechnology.nl\/#website","url":"https:\/\/rimdrivetechnology.nl\/","name":"Rim Drive Technology","description":"","potentialAction":[{"@type":"SearchAction","target":{"@type":"EntryPoint","urlTemplate":"https:\/\/rimdrivetechnology.nl\/?s={search_term_string}"},"query-input":{"@type":"PropertyValueSpecification","valueRequired":true,"valueName":"search_term_string"}}],"inLanguage":"de"}]}},"_links":{"self":[{"href":"https:\/\/rimdrivetechnology.nl\/de\/wp-json\/wp\/v2\/product\/34867","targetHints":{"allow":["GET"]}}],"collection":[{"href":"https:\/\/rimdrivetechnology.nl\/de\/wp-json\/wp\/v2\/product"}],"about":[{"href":"https:\/\/rimdrivetechnology.nl\/de\/wp-json\/wp\/v2\/types\/product"}],"replies":[{"embeddable":true,"href":"https:\/\/rimdrivetechnology.nl\/de\/wp-json\/wp\/v2\/comments?post=34867"}],"wp:featuredmedia":[{"embeddable":true,"href":"https:\/\/rimdrivetechnology.nl\/de\/wp-json\/wp\/v2\/media\/33178"}],"wp:attachment":[{"href":"https:\/\/rimdrivetechnology.nl\/de\/wp-json\/wp\/v2\/media?parent=34867"}],"wp:term":[{"taxonomy":"product_brand","embeddable":true,"href":"https:\/\/rimdrivetechnology.nl\/de\/wp-json\/wp\/v2\/product_brand?post=34867"},{"taxonomy":"product_cat","embeddable":true,"href":"https:\/\/rimdrivetechnology.nl\/de\/wp-json\/wp\/v2\/product_cat?post=34867"},{"taxonomy":"product_tag","embeddable":true,"href":"https:\/\/rimdrivetechnology.nl\/de\/wp-json\/wp\/v2\/product_tag?post=34867"}],"curies":[{"name":"wp","href":"https:\/\/api.w.org\/{rel}","templated":true}]}}