{"id":34845,"date":"2025-06-25T08:10:15","date_gmt":"2025-06-25T08:10:15","guid":{"rendered":"https:\/\/rimdrivetechnology.nl\/product\/einstiegsstufe-steuerbare-pod-22-0\/"},"modified":"2026-03-23T12:15:02","modified_gmt":"2026-03-23T12:15:02","slug":"einstiegsmodell-steuerbare-pod-22-0","status":"publish","type":"product","link":"https:\/\/rimdrivetechnology.nl\/de\/produkt\/einstiegsmodell-steuerbare-pod-22-0\/","title":{"rendered":"Einstiegsmodell \u2013 Steuerbare POD 22.0"},"content":{"rendered":"<h1><strong>Einstiegsmodelle Steuerbare POD-Motoren <\/strong><strong><\/strong><\/h1>\n<p>Unser elektrischer Einsteiger-Steuermotor mit 22,0 POD f\u00fcr Ihr Boot! Diese Motoren sind perfekte Kandidaten f\u00fcr diejenigen, die elektrisch segeln m\u00f6chten, da sie ein stromlinienf\u00f6rmiges Design haben, nachhaltig und funktional sind. Aufgrund seines einzigartigen Designs besteht der Motor nur aus einem rotierenden Teil. Es senkt die Wartungskosten erheblich. In Kombination mit extrem hohem Drehmoment, schneller Reaktionszeit und Salzwasserkompatibilit\u00e4t k\u00f6nnen unsere elektrischen Antriebsmotoren in vielen Booten ausgestattet werden.    <\/p>\n<p>Sie finden den Einstiegs-Steerable 22.0 POD und andere Rim Drive Technology-Motoren auf Sloops, autonomen unbemannten Fahrzeugen, ROVs, Forschungsfahrzeugen und marinebezogenen Segell\u00f6sungen.<\/p>\n<h2><strong>Einzigartiges elektrisches Antrieb EL Steuerbare POD-Design<\/strong><\/h2>\n<p>W\u00e4hrend der Designphase haben wir Ziele gesetzt, um die Installations- und Servicekosten f\u00fcr unsere Nutzer zu minimieren. Durch die Verwendung nur eines rotierenden Teils haben wir geringere Wartungskosten erreicht.  Andererseits gelang es uns, eine Anode oder Propeller innerhalb von weniger als zwei Minuten zu ersetzen.<br \/>\nAlle unsere Produkte sind salzwasserbest\u00e4ndig, um die Installation f\u00fcr jeden Bootsbesitzer zu erleichtern. Dar\u00fcber hinaus sind alle Motoren mit einer IP68-Zertifizierung zertifiziert. Wir m\u00f6chten unsere Kunden von Anfang bis Ende unterst\u00fctzen. Um dies zu erreichen, bieten wir eine breite Palette an Zubeh\u00f6r an, das die Benutzerfreundlichkeit unserer Motoren erh\u00f6ht.    Um das beste Kundenerlebnis zu bieten, arbeiten unsere Zubeh\u00f6rteile effizient mit all unseren elektrischen Antriebsmotoren.<\/p>\n<h3><strong>Einstiegsmodelle mit steuerbarem POD von 2,5 bis 75 kW<\/strong><\/h3>\n<p>Um eine breite Palette von Anwendungen abzudecken, bieten wir Einstiegssteuerbare POD-Motoren von 2,5 kW f\u00fcr kompakte Elektroboote bis zu 75 kW Systeme f\u00fcr kommerzielle, Forschungs- und Berufsfahrzeuge an. Alle Modelle verf\u00fcgen \u00fcber Rim Drive Technology, die eine sanfte Lenkung, hohes Drehmoment und geringe Wartung in Salzwasserumgebungen bietet. Sehen Sie sich den vollst\u00e4ndigen \u00dcberblick \u00fcber Spezifikationen und Konfigurationen in unserem <a href=\"https:\/\/rimdrivetechnology.nl\/de\/product-categorie\/maritim\/einstiegsmodell-steuerbare-pod\/\">Einstiegsmodell Steerable POD Produktsortiment an.<\/a> <\/p>\n<h4><strong>Wissensaustausch und Dokumente<\/strong><\/h4>\n<p>Wir m\u00f6chten unseren Kunden den Betrieb unserer Produkte erkl\u00e4ren. Auf unserer Website finden Sie zu jedem Produkt die relevantesten Informationen.  Zun\u00e4chst k\u00f6nnen Sie, um Ihnen die Art der Installation und die wichtigen Punkte unserer Produkte zu vermitteln, Handb\u00fccher herunterladen. Zweitens, um Ihnen die extrem begrenzte Gr\u00f6\u00dfe unserer Produkte zu vermitteln, und um sie einfach in Ihr Design integrieren zu k\u00f6nnen, k\u00f6nnen Sie 3D-Step-Dateien herunterladen. Um Ihnen die Eigenschaften unserer Produkte zu vermitteln, k\u00f6nnen Sie schlie\u00dflich Brosch\u00fcren herunterladen.  <\/p>\n<p>Diese Werkzeuge und Dokumente erm\u00f6glichen es dem Kunden, den passenden elektrischen, steuerbaren POD-Antrieb f\u00fcr sein Boot auszuw\u00e4hlen.<\/p>\n","protected":false},"excerpt":{"rendered":"<p>Der Einstiegsmodell \u2013 Steuerbare POD 22.0 ist der perfekte Einstieg in unser fortschrittliches, lenkbares POD-Motorensortiment. Mit einer erschwinglichen und hochzuverl\u00e4ssigen Lenkl\u00f6sung l\u00e4sst es sich nahtlos in die meisten bestehenden Systeme integrieren. Sein Rimdrive-Design ist in Bezug auf Stabilit\u00e4t und Leistung vertraut, w\u00e4hrend die zus\u00e4tzliche Abdichtung die wasserdichte Integrit\u00e4t Ihres Bootes gew\u00e4hrleistet. Dieser lenkbare Motor ist einfach zu installieren und bietet damit ein nahtloses Upgrade f\u00fcr bessere Man\u00f6vrierf\u00e4higkeit und Kontrolle auf dem Wasser.   <\/p>\n","protected":false},"featured_media":33871,"comment_status":"open","ping_status":"closed","template":"","meta":{"_acf_changed":false},"product_brand":[],"product_cat":[468,441],"product_tag":[],"class_list":{"0":"post-34845","1":"product","2":"type-product","3":"status-publish","4":"has-post-thumbnail","6":"product_cat-einstiegsmodell-steuerbare-pod","7":"product_cat-maritim","9":"first","10":"instock","11":"shipping-taxable","12":"purchasable","13":"product-type-simple"},"acf":[],"yoast_head":"<!-- This site is optimized with the Yoast SEO plugin v27.5 - https:\/\/yoast.com\/product\/yoast-seo-wordpress\/ -->\n<title>Einstiegsmodell steuerbare 22.0 POD | Elektrische Rim Drive<\/title>\n<meta name=\"description\" content=\"Effizienz auf dem Wasser: Unser Einstiegsmodell Steuerbare POD 22.0 bringt Ihr Boot in nur 1,5 Sekunden auf volle Drehzahl.\" \/>\n<meta name=\"robots\" content=\"index, follow, max-snippet:-1, max-image-preview:large, max-video-preview:-1\" \/>\n<link rel=\"canonical\" href=\"https:\/\/rimdrivetechnology.nl\/de\/produkt\/einstiegsmodell-steuerbare-pod-22-0\/\" \/>\n<meta property=\"og:locale\" content=\"de_DE\" \/>\n<meta property=\"og:type\" content=\"article\" \/>\n<meta property=\"og:title\" content=\"Einstiegsmodell steuerbare 22.0 POD | Elektrische Rim Drive\" \/>\n<meta property=\"og:description\" content=\"Effizienz auf dem Wasser: Unser Einstiegsmodell Steuerbare POD 22.0 bringt Ihr Boot in nur 1,5 Sekunden auf volle Drehzahl.\" \/>\n<meta property=\"og:url\" content=\"https:\/\/rimdrivetechnology.nl\/de\/produkt\/einstiegsmodell-steuerbare-pod-22-0\/\" \/>\n<meta property=\"og:site_name\" content=\"Rim Drive Technology\" \/>\n<meta property=\"article:modified_time\" content=\"2026-03-23T12:15:02+00:00\" \/>\n<meta property=\"og:image\" content=\"https:\/\/rimdrivetechnology.nl\/wp-content\/uploads\/2025\/06\/El-Steerable-POD-front-22-up-to-75.png\" \/>\n\t<meta property=\"og:image:width\" content=\"1500\" \/>\n\t<meta property=\"og:image:height\" content=\"1500\" \/>\n\t<meta property=\"og:image:type\" content=\"image\/png\" \/>\n<meta name=\"twitter:card\" content=\"summary_large_image\" \/>\n<meta name=\"twitter:label1\" content=\"Gesch\u00e4tzte Lesezeit\" \/>\n\t<meta name=\"twitter:data1\" content=\"3\u00a0Minuten\" \/>\n<script type=\"application\/ld+json\" class=\"yoast-schema-graph\">{\"@context\":\"https:\\\/\\\/schema.org\",\"@graph\":[{\"@type\":\"WebPage\",\"@id\":\"https:\\\/\\\/rimdrivetechnology.nl\\\/de\\\/produkt\\\/einstiegsmodell-steuerbare-pod-22-0\\\/\",\"url\":\"https:\\\/\\\/rimdrivetechnology.nl\\\/de\\\/produkt\\\/einstiegsmodell-steuerbare-pod-22-0\\\/\",\"name\":\"Einstiegsmodell steuerbare 22.0 POD | Elektrische Rim Drive\",\"isPartOf\":{\"@id\":\"https:\\\/\\\/rimdrivetechnology.nl\\\/#website\"},\"primaryImageOfPage\":{\"@id\":\"https:\\\/\\\/rimdrivetechnology.nl\\\/de\\\/produkt\\\/einstiegsmodell-steuerbare-pod-22-0\\\/#primaryimage\"},\"image\":{\"@id\":\"https:\\\/\\\/rimdrivetechnology.nl\\\/de\\\/produkt\\\/einstiegsmodell-steuerbare-pod-22-0\\\/#primaryimage\"},\"thumbnailUrl\":\"https:\\\/\\\/rimdrivetechnology.nl\\\/wp-content\\\/uploads\\\/2025\\\/06\\\/El-Steerable-POD-front-22-up-to-75.png\",\"datePublished\":\"2025-06-25T08:10:15+00:00\",\"dateModified\":\"2026-03-23T12:15:02+00:00\",\"description\":\"Effizienz auf dem Wasser: Unser Einstiegsmodell Steuerbare POD 22.0 bringt Ihr Boot in nur 1,5 Sekunden auf volle Drehzahl.\",\"breadcrumb\":{\"@id\":\"https:\\\/\\\/rimdrivetechnology.nl\\\/de\\\/produkt\\\/einstiegsmodell-steuerbare-pod-22-0\\\/#breadcrumb\"},\"inLanguage\":\"de\",\"potentialAction\":[{\"@type\":\"ReadAction\",\"target\":[\"https:\\\/\\\/rimdrivetechnology.nl\\\/de\\\/produkt\\\/einstiegsmodell-steuerbare-pod-22-0\\\/\"]}]},{\"@type\":\"ImageObject\",\"inLanguage\":\"de\",\"@id\":\"https:\\\/\\\/rimdrivetechnology.nl\\\/de\\\/produkt\\\/einstiegsmodell-steuerbare-pod-22-0\\\/#primaryimage\",\"url\":\"https:\\\/\\\/rimdrivetechnology.nl\\\/wp-content\\\/uploads\\\/2025\\\/06\\\/El-Steerable-POD-front-22-up-to-75.png\",\"contentUrl\":\"https:\\\/\\\/rimdrivetechnology.nl\\\/wp-content\\\/uploads\\\/2025\\\/06\\\/El-Steerable-POD-front-22-up-to-75.png\",\"width\":1500,\"height\":1500,\"caption\":\"Einstiegssteuerbarer POD-Motor aus elektrischem Felgantrieb\"},{\"@type\":\"BreadcrumbList\",\"@id\":\"https:\\\/\\\/rimdrivetechnology.nl\\\/de\\\/produkt\\\/einstiegsmodell-steuerbare-pod-22-0\\\/#breadcrumb\",\"itemListElement\":[{\"@type\":\"ListItem\",\"position\":1,\"name\":\"Home\",\"item\":\"https:\\\/\\\/rimdrivetechnology.nl\\\/de\\\/\"},{\"@type\":\"ListItem\",\"position\":2,\"name\":\"Products\",\"item\":\"https:\\\/\\\/rimdrivetechnology.nl\\\/shop\\\/\"},{\"@type\":\"ListItem\",\"position\":3,\"name\":\"Einstiegsmodell \u2013 Steuerbare POD 22.0\"}]},{\"@type\":\"WebSite\",\"@id\":\"https:\\\/\\\/rimdrivetechnology.nl\\\/#website\",\"url\":\"https:\\\/\\\/rimdrivetechnology.nl\\\/\",\"name\":\"Rim Drive Technology\",\"description\":\"\",\"potentialAction\":[{\"@type\":\"SearchAction\",\"target\":{\"@type\":\"EntryPoint\",\"urlTemplate\":\"https:\\\/\\\/rimdrivetechnology.nl\\\/?s={search_term_string}\"},\"query-input\":{\"@type\":\"PropertyValueSpecification\",\"valueRequired\":true,\"valueName\":\"search_term_string\"}}],\"inLanguage\":\"de\"}]}<\/script>\n<!-- \/ Yoast SEO plugin. -->","yoast_head_json":{"title":"Einstiegsmodell steuerbare 22.0 POD | Elektrische Rim Drive","description":"Effizienz auf dem Wasser: Unser Einstiegsmodell Steuerbare POD 22.0 bringt Ihr Boot in nur 1,5 Sekunden auf volle Drehzahl.","robots":{"index":"index","follow":"follow","max-snippet":"max-snippet:-1","max-image-preview":"max-image-preview:large","max-video-preview":"max-video-preview:-1"},"canonical":"https:\/\/rimdrivetechnology.nl\/de\/produkt\/einstiegsmodell-steuerbare-pod-22-0\/","og_locale":"de_DE","og_type":"article","og_title":"Einstiegsmodell steuerbare 22.0 POD | Elektrische Rim Drive","og_description":"Effizienz auf dem Wasser: Unser Einstiegsmodell Steuerbare POD 22.0 bringt Ihr Boot in nur 1,5 Sekunden auf volle Drehzahl.","og_url":"https:\/\/rimdrivetechnology.nl\/de\/produkt\/einstiegsmodell-steuerbare-pod-22-0\/","og_site_name":"Rim Drive Technology","article_modified_time":"2026-03-23T12:15:02+00:00","og_image":[{"width":1500,"height":1500,"url":"https:\/\/rimdrivetechnology.nl\/wp-content\/uploads\/2025\/06\/El-Steerable-POD-front-22-up-to-75.png","type":"image\/png"}],"twitter_card":"summary_large_image","twitter_misc":{"Gesch\u00e4tzte Lesezeit":"3\u00a0Minuten"},"schema":{"@context":"https:\/\/schema.org","@graph":[{"@type":"WebPage","@id":"https:\/\/rimdrivetechnology.nl\/de\/produkt\/einstiegsmodell-steuerbare-pod-22-0\/","url":"https:\/\/rimdrivetechnology.nl\/de\/produkt\/einstiegsmodell-steuerbare-pod-22-0\/","name":"Einstiegsmodell steuerbare 22.0 POD | Elektrische Rim Drive","isPartOf":{"@id":"https:\/\/rimdrivetechnology.nl\/#website"},"primaryImageOfPage":{"@id":"https:\/\/rimdrivetechnology.nl\/de\/produkt\/einstiegsmodell-steuerbare-pod-22-0\/#primaryimage"},"image":{"@id":"https:\/\/rimdrivetechnology.nl\/de\/produkt\/einstiegsmodell-steuerbare-pod-22-0\/#primaryimage"},"thumbnailUrl":"https:\/\/rimdrivetechnology.nl\/wp-content\/uploads\/2025\/06\/El-Steerable-POD-front-22-up-to-75.png","datePublished":"2025-06-25T08:10:15+00:00","dateModified":"2026-03-23T12:15:02+00:00","description":"Effizienz auf dem Wasser: Unser Einstiegsmodell Steuerbare POD 22.0 bringt Ihr Boot in nur 1,5 Sekunden auf volle Drehzahl.","breadcrumb":{"@id":"https:\/\/rimdrivetechnology.nl\/de\/produkt\/einstiegsmodell-steuerbare-pod-22-0\/#breadcrumb"},"inLanguage":"de","potentialAction":[{"@type":"ReadAction","target":["https:\/\/rimdrivetechnology.nl\/de\/produkt\/einstiegsmodell-steuerbare-pod-22-0\/"]}]},{"@type":"ImageObject","inLanguage":"de","@id":"https:\/\/rimdrivetechnology.nl\/de\/produkt\/einstiegsmodell-steuerbare-pod-22-0\/#primaryimage","url":"https:\/\/rimdrivetechnology.nl\/wp-content\/uploads\/2025\/06\/El-Steerable-POD-front-22-up-to-75.png","contentUrl":"https:\/\/rimdrivetechnology.nl\/wp-content\/uploads\/2025\/06\/El-Steerable-POD-front-22-up-to-75.png","width":1500,"height":1500,"caption":"Einstiegssteuerbarer POD-Motor aus elektrischem Felgantrieb"},{"@type":"BreadcrumbList","@id":"https:\/\/rimdrivetechnology.nl\/de\/produkt\/einstiegsmodell-steuerbare-pod-22-0\/#breadcrumb","itemListElement":[{"@type":"ListItem","position":1,"name":"Home","item":"https:\/\/rimdrivetechnology.nl\/de\/"},{"@type":"ListItem","position":2,"name":"Products","item":"https:\/\/rimdrivetechnology.nl\/shop\/"},{"@type":"ListItem","position":3,"name":"Einstiegsmodell \u2013 Steuerbare POD 22.0"}]},{"@type":"WebSite","@id":"https:\/\/rimdrivetechnology.nl\/#website","url":"https:\/\/rimdrivetechnology.nl\/","name":"Rim Drive Technology","description":"","potentialAction":[{"@type":"SearchAction","target":{"@type":"EntryPoint","urlTemplate":"https:\/\/rimdrivetechnology.nl\/?s={search_term_string}"},"query-input":{"@type":"PropertyValueSpecification","valueRequired":true,"valueName":"search_term_string"}}],"inLanguage":"de"}]}},"_links":{"self":[{"href":"https:\/\/rimdrivetechnology.nl\/de\/wp-json\/wp\/v2\/product\/34845","targetHints":{"allow":["GET"]}}],"collection":[{"href":"https:\/\/rimdrivetechnology.nl\/de\/wp-json\/wp\/v2\/product"}],"about":[{"href":"https:\/\/rimdrivetechnology.nl\/de\/wp-json\/wp\/v2\/types\/product"}],"replies":[{"embeddable":true,"href":"https:\/\/rimdrivetechnology.nl\/de\/wp-json\/wp\/v2\/comments?post=34845"}],"wp:featuredmedia":[{"embeddable":true,"href":"https:\/\/rimdrivetechnology.nl\/de\/wp-json\/wp\/v2\/media\/33871"}],"wp:attachment":[{"href":"https:\/\/rimdrivetechnology.nl\/de\/wp-json\/wp\/v2\/media?parent=34845"}],"wp:term":[{"taxonomy":"product_brand","embeddable":true,"href":"https:\/\/rimdrivetechnology.nl\/de\/wp-json\/wp\/v2\/product_brand?post=34845"},{"taxonomy":"product_cat","embeddable":true,"href":"https:\/\/rimdrivetechnology.nl\/de\/wp-json\/wp\/v2\/product_cat?post=34845"},{"taxonomy":"product_tag","embeddable":true,"href":"https:\/\/rimdrivetechnology.nl\/de\/wp-json\/wp\/v2\/product_tag?post=34845"}],"curies":[{"name":"wp","href":"https:\/\/api.w.org\/{rel}","templated":true}]}}