{"id":34088,"date":"2025-11-13T14:53:12","date_gmt":"2025-11-13T14:53:12","guid":{"rendered":"https:\/\/rimdrivetechnology.nl\/product\/einstiegsstufe-aussenbordmotor-5-0-fraese\/"},"modified":"2026-03-24T07:26:31","modified_gmt":"2026-03-24T07:26:31","slug":"einstiegsmodell-aussenborder-5-0-mit-pinne","status":"publish","type":"product","link":"https:\/\/rimdrivetechnology.nl\/de\/produkt\/einstiegsmodell-aussenborder-5-0-mit-pinne\/","title":{"rendered":"Einstiegsmodell \u2013 Au\u00dfenborder 5.0 mit Pinne"},"content":{"rendered":"<h1><strong>Au\u00dfenbordmotoren<\/strong><\/h1>\n<p>Unser neues Produkt: EL Outboard Tiller 5,0 kW f\u00fcr Ihr Boot! Diese Motoren sind perfekte Kandidaten f\u00fcr diejenigen, die elektrisch segeln m\u00f6chten, da sie ein stromlinienf\u00f6rmiges Design haben, nachhaltig und funktional sind. Aufgrund seines einzigartigen Designs besteht der Motor nur aus einem rotierenden Teil. Es senkt die Wartungskosten erheblich. In Kombination mit extrem hohem Drehmoment, schneller Reaktionszeit und Salzwasserkompatibilit\u00e4t k\u00f6nnen unsere elektrischen Antriebsmotoren in vielen Booten ausgestattet werden.    <\/p>\n<p>Sie finden den EL Outboard Tiller 5,0kW und andere Rim Drive Technology-Motoren auf Sloops, autonomen unbemannten Fahrzeugen, ROVs, Forschungsschiffen und marinebezogenen Segell\u00f6sungen.<\/p>\n<h2><strong>Einzigartiges Design<\/strong><\/h2>\n<p>W\u00e4hrend der Designphase haben wir Ziele gesetzt, um die Installations- und Servicekosten f\u00fcr unsere Nutzer zu minimieren. Durch die Verwendung nur eines rotierenden Teils haben wir geringere Wartungskosten erreicht.  Andererseits gelang es uns, eine Anode oder Propeller innerhalb von weniger als zwei Minuten zu ersetzen.<br \/>\nAlle unsere Produkte sind salzwasserbest\u00e4ndig, um die Installation f\u00fcr jeden Bootsbesitzer zu erleichtern. Dar\u00fcber hinaus sind alle Motoren mit einer IP68-Zertifizierung zertifiziert. Wir m\u00f6chten unsere Kunden von Anfang bis Ende unterst\u00fctzen. Um dies zu erreichen, bieten wir eine breite Palette an Zubeh\u00f6r an, das die Benutzerfreundlichkeit unserer Motoren erh\u00f6ht.    Um das beste Kundenerlebnis zu bieten, arbeiten unsere Zubeh\u00f6rteile effizient mit all unseren elektrischen Antriebsmotoren.<\/p>\n<h3><strong>Einsteigermodelle mit Au\u00dfenbord-Fr\u00e4sen von 2,5 bis 15 kW<\/strong><\/h3>\n<p>F\u00fcr kleinere Boote und leichte elektrische Anwendungen bieten wir Einsteiger-Au\u00dfenbord-Fr\u00e4smotoren von 2,5 kW bis 15 kW an. Diese Modelle kombinieren Rim Drive Technology mit direkter Fr\u00e4ssteuerung und bieten hohes Drehmoment, sanfte Beschleunigung und intuitives Fahrverhalten. <\/p>\n<p>Dank ihres kompakten Designs und des geringen Wartungsaufwands sind sie ideal f\u00fcr Freizeitboote, Tender und kleine Berufsboote.<\/p>\n<p>Entdecken Sie alle Spezifikationen, Abmessungen und Leistungsdetails in unserem <a href=\"https:\/\/rimdrivetechnology.nl\/de\/product-categorie\/maritim\/einstiegsmodell-aussenborder-mit-pinne\/\">Einstiegsmodell Outboard Tiller-Produktsortiment.<\/a><\/p>\n<h4><strong>Wissensaustausch und Dokumente<\/strong><\/h4>\n<p>Wir m\u00f6chten unseren Kunden den Betrieb unserer Produkte erkl\u00e4ren. Auf unserer Website finden Sie zu jedem Produkt die relevantesten Informationen.  Zun\u00e4chst k\u00f6nnen Sie, um Ihnen die Art der Installation und die wichtigen Punkte unserer Produkte zu vermitteln, Handb\u00fccher herunterladen. Zweitens, um Ihnen die extrem begrenzte Gr\u00f6\u00dfe unserer Produkte zu vermitteln, und um sie einfach in Ihr Design integrieren zu k\u00f6nnen, k\u00f6nnen Sie 3D-Step-Dateien herunterladen. Um Ihnen die Eigenschaften unserer Produkte zu vermitteln, k\u00f6nnen Sie schlie\u00dflich Brosch\u00fcren herunterladen.  <\/p>\n<p>Diese Werkzeuge und Dokumente erm\u00f6glichen es dem Kunden, den richtigen elektrischen Au\u00dfenbordantrieb f\u00fcr sein Boot auszuw\u00e4hlen.<\/p>\n","protected":false},"excerpt":{"rendered":"<p>Ein zuverl\u00e4ssiger elektrischer Au\u00dfenborder mit Pinne und Display, gebaut f\u00fcr Steuerung, Effizienz und Ger\u00e4uschlosigkeit. Er ist das Ergebnis vielj\u00e4hriger Erfahrung mit Au\u00dfenbordern ohne Pinne. Diese neue Version f\u00fcgt eine starke Pinne und eine klare Anzeige hinzu, die wichtige Motorinformationen und gegebenenfalls den Batteriestatus anzeigt. Dieser 5,0-kW-Motor ist f\u00fcr die h\u00e4rtesten Bedingungen konstruiert und bietet volles Vertrauen auf das Wasser. Das Steuer sorgt f\u00fcr eine sanfte und pr\u00e4zise Steuerung, w\u00e4hrend das Display Sie in jeder Phase Ihrer Reise vollst\u00e4ndig informiert.<\/p>\n","protected":false},"featured_media":33761,"comment_status":"closed","ping_status":"closed","template":"","meta":{"_acf_changed":false},"product_brand":[],"product_cat":[470],"product_tag":[],"class_list":{"0":"post-34088","1":"product","2":"type-product","3":"status-publish","4":"has-post-thumbnail","6":"product_cat-einstiegsmodell-aussenborder-mit-pinne","8":"first","9":"instock","10":"purchasable","11":"product-type-simple"},"acf":[],"yoast_head":"<!-- This site is optimized with the Yoast SEO plugin v27.5 - https:\/\/yoast.com\/product\/yoast-seo-wordpress\/ -->\n<title>Einstiegsmodell \u2013 Au\u00dfenborder 5.0 Pinne I Rim Drive Technology<\/title>\n<meta name=\"description\" content=\"Elektrischer Au\u00dfenborder mit Pinne und Display, leise und effizient f\u00fcr pr\u00e4zise Steuerung und zuverl\u00e4ssige Leistung unter allen Bedingungen auf dem Wasser.\" \/>\n<meta name=\"robots\" content=\"index, follow, max-snippet:-1, max-image-preview:large, max-video-preview:-1\" \/>\n<link rel=\"canonical\" href=\"https:\/\/rimdrivetechnology.nl\/de\/produkt\/einstiegsmodell-aussenborder-5-0-mit-pinne\/\" \/>\n<meta property=\"og:locale\" content=\"de_DE\" \/>\n<meta property=\"og:type\" content=\"article\" \/>\n<meta property=\"og:title\" content=\"Einstiegsmodell \u2013 Au\u00dfenborder 5.0 Pinne I Rim Drive Technology\" \/>\n<meta property=\"og:description\" content=\"Elektrischer Au\u00dfenborder mit Pinne und Display, leise und effizient f\u00fcr pr\u00e4zise Steuerung und zuverl\u00e4ssige Leistung unter allen Bedingungen auf dem Wasser.\" \/>\n<meta property=\"og:url\" content=\"https:\/\/rimdrivetechnology.nl\/de\/produkt\/einstiegsmodell-aussenborder-5-0-mit-pinne\/\" \/>\n<meta property=\"og:site_name\" content=\"Rim Drive Technology\" \/>\n<meta property=\"article:modified_time\" content=\"2026-03-24T07:26:31+00:00\" \/>\n<meta property=\"og:image\" content=\"https:\/\/rimdrivetechnology.nl\/wp-content\/uploads\/2025\/11\/Outboard-Tiller-transparant.png\" \/>\n\t<meta property=\"og:image:width\" content=\"1414\" \/>\n\t<meta property=\"og:image:height\" content=\"2000\" \/>\n\t<meta property=\"og:image:type\" content=\"image\/png\" \/>\n<meta name=\"twitter:card\" content=\"summary_large_image\" \/>\n<meta name=\"twitter:label1\" content=\"Gesch\u00e4tzte Lesezeit\" \/>\n\t<meta name=\"twitter:data1\" content=\"3\u00a0Minuten\" \/>\n<script type=\"application\/ld+json\" class=\"yoast-schema-graph\">{\"@context\":\"https:\\\/\\\/schema.org\",\"@graph\":[{\"@type\":\"WebPage\",\"@id\":\"https:\\\/\\\/rimdrivetechnology.nl\\\/de\\\/produkt\\\/einstiegsmodell-aussenborder-5-0-mit-pinne\\\/\",\"url\":\"https:\\\/\\\/rimdrivetechnology.nl\\\/de\\\/produkt\\\/einstiegsmodell-aussenborder-5-0-mit-pinne\\\/\",\"name\":\"Einstiegsmodell \u2013 Au\u00dfenborder 5.0 Pinne I Rim Drive Technology\",\"isPartOf\":{\"@id\":\"https:\\\/\\\/rimdrivetechnology.nl\\\/#website\"},\"primaryImageOfPage\":{\"@id\":\"https:\\\/\\\/rimdrivetechnology.nl\\\/de\\\/produkt\\\/einstiegsmodell-aussenborder-5-0-mit-pinne\\\/#primaryimage\"},\"image\":{\"@id\":\"https:\\\/\\\/rimdrivetechnology.nl\\\/de\\\/produkt\\\/einstiegsmodell-aussenborder-5-0-mit-pinne\\\/#primaryimage\"},\"thumbnailUrl\":\"https:\\\/\\\/rimdrivetechnology.nl\\\/wp-content\\\/uploads\\\/2025\\\/11\\\/Outboard-Tiller-transparant.png\",\"datePublished\":\"2025-11-13T14:53:12+00:00\",\"dateModified\":\"2026-03-24T07:26:31+00:00\",\"description\":\"Elektrischer Au\u00dfenborder mit Pinne und Display, leise und effizient f\u00fcr pr\u00e4zise Steuerung und zuverl\u00e4ssige Leistung unter allen Bedingungen auf dem Wasser.\",\"breadcrumb\":{\"@id\":\"https:\\\/\\\/rimdrivetechnology.nl\\\/de\\\/produkt\\\/einstiegsmodell-aussenborder-5-0-mit-pinne\\\/#breadcrumb\"},\"inLanguage\":\"de\",\"potentialAction\":[{\"@type\":\"ReadAction\",\"target\":[\"https:\\\/\\\/rimdrivetechnology.nl\\\/de\\\/produkt\\\/einstiegsmodell-aussenborder-5-0-mit-pinne\\\/\"]}]},{\"@type\":\"ImageObject\",\"inLanguage\":\"de\",\"@id\":\"https:\\\/\\\/rimdrivetechnology.nl\\\/de\\\/produkt\\\/einstiegsmodell-aussenborder-5-0-mit-pinne\\\/#primaryimage\",\"url\":\"https:\\\/\\\/rimdrivetechnology.nl\\\/wp-content\\\/uploads\\\/2025\\\/11\\\/Outboard-Tiller-transparant.png\",\"contentUrl\":\"https:\\\/\\\/rimdrivetechnology.nl\\\/wp-content\\\/uploads\\\/2025\\\/11\\\/Outboard-Tiller-transparant.png\",\"width\":1414,\"height\":2000,\"caption\":\"Elektrischer Au\u00dfenbord-Fr\u00e4smotor mit Rim Drive Technologie\"},{\"@type\":\"BreadcrumbList\",\"@id\":\"https:\\\/\\\/rimdrivetechnology.nl\\\/de\\\/produkt\\\/einstiegsmodell-aussenborder-5-0-mit-pinne\\\/#breadcrumb\",\"itemListElement\":[{\"@type\":\"ListItem\",\"position\":1,\"name\":\"Home\",\"item\":\"https:\\\/\\\/rimdrivetechnology.nl\\\/de\\\/\"},{\"@type\":\"ListItem\",\"position\":2,\"name\":\"Products\",\"item\":\"https:\\\/\\\/rimdrivetechnology.nl\\\/shop\\\/\"},{\"@type\":\"ListItem\",\"position\":3,\"name\":\"Einstiegsmodell \u2013 Au\u00dfenborder 5.0 mit Pinne\"}]},{\"@type\":\"WebSite\",\"@id\":\"https:\\\/\\\/rimdrivetechnology.nl\\\/#website\",\"url\":\"https:\\\/\\\/rimdrivetechnology.nl\\\/\",\"name\":\"Rim Drive Technology\",\"description\":\"\",\"potentialAction\":[{\"@type\":\"SearchAction\",\"target\":{\"@type\":\"EntryPoint\",\"urlTemplate\":\"https:\\\/\\\/rimdrivetechnology.nl\\\/?s={search_term_string}\"},\"query-input\":{\"@type\":\"PropertyValueSpecification\",\"valueRequired\":true,\"valueName\":\"search_term_string\"}}],\"inLanguage\":\"de\"}]}<\/script>\n<!-- \/ Yoast SEO plugin. -->","yoast_head_json":{"title":"Einstiegsmodell \u2013 Au\u00dfenborder 5.0 Pinne I Rim Drive Technology","description":"Elektrischer Au\u00dfenborder mit Pinne und Display, leise und effizient f\u00fcr pr\u00e4zise Steuerung und zuverl\u00e4ssige Leistung unter allen Bedingungen auf dem Wasser.","robots":{"index":"index","follow":"follow","max-snippet":"max-snippet:-1","max-image-preview":"max-image-preview:large","max-video-preview":"max-video-preview:-1"},"canonical":"https:\/\/rimdrivetechnology.nl\/de\/produkt\/einstiegsmodell-aussenborder-5-0-mit-pinne\/","og_locale":"de_DE","og_type":"article","og_title":"Einstiegsmodell \u2013 Au\u00dfenborder 5.0 Pinne I Rim Drive Technology","og_description":"Elektrischer Au\u00dfenborder mit Pinne und Display, leise und effizient f\u00fcr pr\u00e4zise Steuerung und zuverl\u00e4ssige Leistung unter allen Bedingungen auf dem Wasser.","og_url":"https:\/\/rimdrivetechnology.nl\/de\/produkt\/einstiegsmodell-aussenborder-5-0-mit-pinne\/","og_site_name":"Rim Drive Technology","article_modified_time":"2026-03-24T07:26:31+00:00","og_image":[{"width":1414,"height":2000,"url":"https:\/\/rimdrivetechnology.nl\/wp-content\/uploads\/2025\/11\/Outboard-Tiller-transparant.png","type":"image\/png"}],"twitter_card":"summary_large_image","twitter_misc":{"Gesch\u00e4tzte Lesezeit":"3\u00a0Minuten"},"schema":{"@context":"https:\/\/schema.org","@graph":[{"@type":"WebPage","@id":"https:\/\/rimdrivetechnology.nl\/de\/produkt\/einstiegsmodell-aussenborder-5-0-mit-pinne\/","url":"https:\/\/rimdrivetechnology.nl\/de\/produkt\/einstiegsmodell-aussenborder-5-0-mit-pinne\/","name":"Einstiegsmodell \u2013 Au\u00dfenborder 5.0 Pinne I Rim Drive Technology","isPartOf":{"@id":"https:\/\/rimdrivetechnology.nl\/#website"},"primaryImageOfPage":{"@id":"https:\/\/rimdrivetechnology.nl\/de\/produkt\/einstiegsmodell-aussenborder-5-0-mit-pinne\/#primaryimage"},"image":{"@id":"https:\/\/rimdrivetechnology.nl\/de\/produkt\/einstiegsmodell-aussenborder-5-0-mit-pinne\/#primaryimage"},"thumbnailUrl":"https:\/\/rimdrivetechnology.nl\/wp-content\/uploads\/2025\/11\/Outboard-Tiller-transparant.png","datePublished":"2025-11-13T14:53:12+00:00","dateModified":"2026-03-24T07:26:31+00:00","description":"Elektrischer Au\u00dfenborder mit Pinne und Display, leise und effizient f\u00fcr pr\u00e4zise Steuerung und zuverl\u00e4ssige Leistung unter allen Bedingungen auf dem Wasser.","breadcrumb":{"@id":"https:\/\/rimdrivetechnology.nl\/de\/produkt\/einstiegsmodell-aussenborder-5-0-mit-pinne\/#breadcrumb"},"inLanguage":"de","potentialAction":[{"@type":"ReadAction","target":["https:\/\/rimdrivetechnology.nl\/de\/produkt\/einstiegsmodell-aussenborder-5-0-mit-pinne\/"]}]},{"@type":"ImageObject","inLanguage":"de","@id":"https:\/\/rimdrivetechnology.nl\/de\/produkt\/einstiegsmodell-aussenborder-5-0-mit-pinne\/#primaryimage","url":"https:\/\/rimdrivetechnology.nl\/wp-content\/uploads\/2025\/11\/Outboard-Tiller-transparant.png","contentUrl":"https:\/\/rimdrivetechnology.nl\/wp-content\/uploads\/2025\/11\/Outboard-Tiller-transparant.png","width":1414,"height":2000,"caption":"Elektrischer Au\u00dfenbord-Fr\u00e4smotor mit Rim Drive Technologie"},{"@type":"BreadcrumbList","@id":"https:\/\/rimdrivetechnology.nl\/de\/produkt\/einstiegsmodell-aussenborder-5-0-mit-pinne\/#breadcrumb","itemListElement":[{"@type":"ListItem","position":1,"name":"Home","item":"https:\/\/rimdrivetechnology.nl\/de\/"},{"@type":"ListItem","position":2,"name":"Products","item":"https:\/\/rimdrivetechnology.nl\/shop\/"},{"@type":"ListItem","position":3,"name":"Einstiegsmodell \u2013 Au\u00dfenborder 5.0 mit Pinne"}]},{"@type":"WebSite","@id":"https:\/\/rimdrivetechnology.nl\/#website","url":"https:\/\/rimdrivetechnology.nl\/","name":"Rim Drive Technology","description":"","potentialAction":[{"@type":"SearchAction","target":{"@type":"EntryPoint","urlTemplate":"https:\/\/rimdrivetechnology.nl\/?s={search_term_string}"},"query-input":{"@type":"PropertyValueSpecification","valueRequired":true,"valueName":"search_term_string"}}],"inLanguage":"de"}]}},"_links":{"self":[{"href":"https:\/\/rimdrivetechnology.nl\/de\/wp-json\/wp\/v2\/product\/34088","targetHints":{"allow":["GET"]}}],"collection":[{"href":"https:\/\/rimdrivetechnology.nl\/de\/wp-json\/wp\/v2\/product"}],"about":[{"href":"https:\/\/rimdrivetechnology.nl\/de\/wp-json\/wp\/v2\/types\/product"}],"replies":[{"embeddable":true,"href":"https:\/\/rimdrivetechnology.nl\/de\/wp-json\/wp\/v2\/comments?post=34088"}],"wp:featuredmedia":[{"embeddable":true,"href":"https:\/\/rimdrivetechnology.nl\/de\/wp-json\/wp\/v2\/media\/33761"}],"wp:attachment":[{"href":"https:\/\/rimdrivetechnology.nl\/de\/wp-json\/wp\/v2\/media?parent=34088"}],"wp:term":[{"taxonomy":"product_brand","embeddable":true,"href":"https:\/\/rimdrivetechnology.nl\/de\/wp-json\/wp\/v2\/product_brand?post=34088"},{"taxonomy":"product_cat","embeddable":true,"href":"https:\/\/rimdrivetechnology.nl\/de\/wp-json\/wp\/v2\/product_cat?post=34088"},{"taxonomy":"product_tag","embeddable":true,"href":"https:\/\/rimdrivetechnology.nl\/de\/wp-json\/wp\/v2\/product_tag?post=34088"}],"curies":[{"name":"wp","href":"https:\/\/api.w.org\/{rel}","templated":true}]}}