{"id":34023,"date":"2024-04-04T12:07:12","date_gmt":"2024-04-04T12:07:12","guid":{"rendered":"https:\/\/rimdrivetechnology.nl\/product\/bugtriebwerk-25-0-s-tunnelsatz\/"},"modified":"2026-03-30T12:41:42","modified_gmt":"2026-03-30T12:41:42","slug":"bugstrahlruder-25-0-unterwasser-tunnel-set","status":"publish","type":"product","link":"https:\/\/rimdrivetechnology.nl\/de\/produkt\/bugstrahlruder-25-0-unterwasser-tunnel-set\/","title":{"rendered":"Bugstrahlruder Tunnel-Set 25.0-S"},"content":{"rendered":"<h1><strong>Bugstrahlruder Tunnel-Set \u2013 Unterwasser<\/strong><\/h1>\n<p>Unser Bugstrahlruder mit 25,0 kW Unterwasser-Tunnelantrieb f\u00fcr Ihr Boot! Diese Motoren sind perfekte Kandidaten f\u00fcr diejenigen, die elektrisch segeln m\u00f6chten, da sie ein stromlinienf\u00f6rmiges Design haben, nachhaltig und funktional sind. Aufgrund seines einzigartigen Designs besteht der Motor nur aus einem rotierenden Teil. Es senkt die Wartungskosten erheblich. In Kombination mit extrem hohem Drehmoment, schneller Reaktionszeit und Salzwasserkompatibilit\u00e4t k\u00f6nnen unsere elektrischen Antriebsmotoren in vielen Booten ausgestattet werden.    <\/p>\n<p>Sie finden die Bugtriebwerke mit 25,0 kW Tunnelantrieb und andere Rim Drive Technology-Motoren auf Sloops, autonomen unbemannten Fahrzeugen, ROVs, Forschungsschiffen und marinebezogenen Segell\u00f6sungen.<\/p>\n<h2><strong>Einzigartiges Design<\/strong><\/h2>\n<p>W\u00e4hrend der Designphase haben wir Ziele gesetzt, um die Installations- und Servicekosten f\u00fcr unsere Nutzer zu minimieren. Durch die Verwendung nur eines rotierenden Teils haben wir geringere Wartungskosten erreicht.  Andererseits gelang es uns, eine Anode oder Propeller innerhalb von weniger als zwei Minuten zu ersetzen.<br \/>\nAlle unsere Produkte sind salzwasserbest\u00e4ndig, um die Installation f\u00fcr jeden Bootsbesitzer zu erleichtern. Dar\u00fcber hinaus sind alle Motoren mit einer IP68-Zertifizierung zertifiziert.  Wir m\u00f6chten unsere Kunden von Anfang bis Ende unterst\u00fctzen. Um dies zu erreichen, bieten wir eine breite Palette an Zubeh\u00f6r an, das die Benutzerfreundlichkeit unserer Motoren erh\u00f6ht.  Um das beste Kundenerlebnis zu bieten, arbeiten unsere Zubeh\u00f6rteile effizient mit all unseren elektrischen Antriebsmotoren.<\/p>\n<h3><strong>Bugtriebwerks-Unterwasser-Tunnelmodelle von 2,5 bis 75 kW<\/strong><\/h3>\n<p>Unser Bugtriebwerks-Tunnelsatzantrieb ist in einem breiten Leistungsbereich erh\u00e4ltlich, von 2,5 kW f\u00fcr kleinere Schiffe bis zu 75 kW f\u00fcr kommerzielle, Forschungs- und professionelle Schiffsanwendungen. Das Tunnelset ist f\u00fcr eine nahtlose Integration in den Rumpf konzipiert und erm\u00f6glicht eine einfache Installation in einer Vielzahl von Bootsdesigns. <\/p>\n<p>Alle Modelle basieren auf Rim Drive Technology und bieten hohen Schub, schnelle Reaktion und zuverl\u00e4ssige Leistung mit minimalem Wartungsaufwand \u2013 selbst in rauen Salzwasserumgebungen.<\/p>\n<p>Entdecken Sie alle Spezifikationen, Abmessungen und Leistungsdetails in unserem <a href=\"https:\/\/rimdrivetechnology.nl\/de\/product-categorie\/unterwasser\/bugstrahlruder-tunnel-set-unterwasser\/\">Produktsortiment f\u00fcr Bogentriebwerke mit Tunnelsatz.<\/a><\/p>\n<h4><strong>Wissensaustausch und Dokumente<\/strong><\/h4>\n<p>Wir m\u00f6chten unseren Kunden den Betrieb unserer Produkte erkl\u00e4ren. Auf unserer Website finden Sie zu jedem Produkt die relevantesten Informationen.  Zun\u00e4chst k\u00f6nnen Sie, um Ihnen die Art der Installation und die wichtigen Punkte unserer Produkte zu vermitteln, Handb\u00fccher herunterladen. Zweitens, um Ihnen die extrem begrenzte Gr\u00f6\u00dfe unserer Produkte zu vermitteln, und um sie einfach in Ihr Design integrieren zu k\u00f6nnen, k\u00f6nnen Sie 3D-Step-Dateien herunterladen. Um Ihnen die Eigenschaften unserer Produkte zu vermitteln, k\u00f6nnen Sie schlie\u00dflich Brosch\u00fcren herunterladen.  <\/p>\n<p>Diese Werkzeuge und Dokumente erm\u00f6glichen es dem Kunden, den richtigen elektrischen Bugantrieb f\u00fcr sein Boot auszuw\u00e4hlen.<\/p>\n","protected":false},"excerpt":{"rendered":"<p><span class=\"OYPEnA text-decoration-none text-strikethrough-none\">Das Tunnelset l\u00e4sst sich problemlos in das Boot integrieren. Das Bugstrahlruder Tunnel-Set sind aufgrund der verschiedenen Befestigungsm\u00f6glichkeiten einfach zu installieren. Das Tunnelsystem ist speziell f\u00fcr schwierige Bedingungen ausgelegt, bei denen das Bugstrahlruder gesch\u00fctzt bleibt.   <\/span><\/p>\n<h2>Preis auf Anfrage<\/h2>\n","protected":false},"featured_media":33135,"comment_status":"open","ping_status":"closed","template":"","meta":{"_acf_changed":false},"product_brand":[],"product_cat":[469,447],"product_tag":[],"class_list":{"0":"post-34023","1":"product","2":"type-product","3":"status-publish","4":"has-post-thumbnail","6":"product_cat-bugstrahlruder-tunnel-set-unterwasser","7":"product_cat-unterwasser","9":"first","10":"instock","11":"shipping-taxable","12":"product-type-simple"},"acf":[],"yoast_head":"<!-- This site is optimized with the Yoast SEO plugin v27.5 - https:\/\/yoast.com\/product\/yoast-seo-wordpress\/ -->\n<title>Bugstrahlruder Tunnel-Set - Unterwasser 25.0kW I Rim Drive Technology<\/title>\n<meta name=\"description\" content=\"Effizienz auf dem Wasser: Unser 25.0kW Bugstrahlruder Tunnel-Set - Unterwasser f\u00fcr Ihr Boot. Der Rim Drive beschleunigt in nur 1,5 Sekunden von null auf volle Drehzahl.\" \/>\n<meta name=\"robots\" content=\"index, follow, max-snippet:-1, max-image-preview:large, max-video-preview:-1\" \/>\n<link rel=\"canonical\" href=\"https:\/\/rimdrivetechnology.nl\/de\/produkt\/bugstrahlruder-25-0-unterwasser-tunnel-set\/\" \/>\n<meta property=\"og:locale\" content=\"de_DE\" \/>\n<meta property=\"og:type\" content=\"article\" \/>\n<meta property=\"og:title\" content=\"Bugstrahlruder Tunnel-Set - Unterwasser 25.0kW I Rim Drive Technology\" \/>\n<meta property=\"og:description\" content=\"Effizienz auf dem Wasser: Unser 25.0kW Bugstrahlruder Tunnel-Set - Unterwasser f\u00fcr Ihr Boot. Der Rim Drive beschleunigt in nur 1,5 Sekunden von null auf volle Drehzahl.\" \/>\n<meta property=\"og:url\" content=\"https:\/\/rimdrivetechnology.nl\/de\/produkt\/bugstrahlruder-25-0-unterwasser-tunnel-set\/\" \/>\n<meta property=\"og:site_name\" content=\"Rim Drive Technology\" \/>\n<meta property=\"article:modified_time\" content=\"2026-03-30T12:41:42+00:00\" \/>\n<meta property=\"og:image\" content=\"https:\/\/rimdrivetechnology.nl\/wp-content\/uploads\/2024\/04\/RDT-20240325-0018100.png\" \/>\n\t<meta property=\"og:image:width\" content=\"1243\" \/>\n\t<meta property=\"og:image:height\" content=\"1600\" \/>\n\t<meta property=\"og:image:type\" content=\"image\/png\" \/>\n<meta name=\"twitter:card\" content=\"summary_large_image\" \/>\n<meta name=\"twitter:label1\" content=\"Gesch\u00e4tzte Lesezeit\" \/>\n\t<meta name=\"twitter:data1\" content=\"2\u00a0Minuten\" \/>\n<script type=\"application\/ld+json\" class=\"yoast-schema-graph\">{\"@context\":\"https:\\\/\\\/schema.org\",\"@graph\":[{\"@type\":\"WebPage\",\"@id\":\"https:\\\/\\\/rimdrivetechnology.nl\\\/de\\\/produkt\\\/bugstrahlruder-25-0-unterwasser-tunnel-set\\\/\",\"url\":\"https:\\\/\\\/rimdrivetechnology.nl\\\/de\\\/produkt\\\/bugstrahlruder-25-0-unterwasser-tunnel-set\\\/\",\"name\":\"Bugstrahlruder Tunnel-Set - Unterwasser 25.0kW I Rim Drive Technology\",\"isPartOf\":{\"@id\":\"https:\\\/\\\/rimdrivetechnology.nl\\\/#website\"},\"primaryImageOfPage\":{\"@id\":\"https:\\\/\\\/rimdrivetechnology.nl\\\/de\\\/produkt\\\/bugstrahlruder-25-0-unterwasser-tunnel-set\\\/#primaryimage\"},\"image\":{\"@id\":\"https:\\\/\\\/rimdrivetechnology.nl\\\/de\\\/produkt\\\/bugstrahlruder-25-0-unterwasser-tunnel-set\\\/#primaryimage\"},\"thumbnailUrl\":\"https:\\\/\\\/rimdrivetechnology.nl\\\/wp-content\\\/uploads\\\/2024\\\/04\\\/RDT-20240325-0018100.png\",\"datePublished\":\"2024-04-04T12:07:12+00:00\",\"dateModified\":\"2026-03-30T12:41:42+00:00\",\"description\":\"Effizienz auf dem Wasser: Unser 25.0kW Bugstrahlruder Tunnel-Set - Unterwasser f\u00fcr Ihr Boot. Der Rim Drive beschleunigt in nur 1,5 Sekunden von null auf volle Drehzahl.\",\"breadcrumb\":{\"@id\":\"https:\\\/\\\/rimdrivetechnology.nl\\\/de\\\/produkt\\\/bugstrahlruder-25-0-unterwasser-tunnel-set\\\/#breadcrumb\"},\"inLanguage\":\"de\",\"potentialAction\":[{\"@type\":\"ReadAction\",\"target\":[\"https:\\\/\\\/rimdrivetechnology.nl\\\/de\\\/produkt\\\/bugstrahlruder-25-0-unterwasser-tunnel-set\\\/\"]}]},{\"@type\":\"ImageObject\",\"inLanguage\":\"de\",\"@id\":\"https:\\\/\\\/rimdrivetechnology.nl\\\/de\\\/produkt\\\/bugstrahlruder-25-0-unterwasser-tunnel-set\\\/#primaryimage\",\"url\":\"https:\\\/\\\/rimdrivetechnology.nl\\\/wp-content\\\/uploads\\\/2024\\\/04\\\/RDT-20240325-0018100.png\",\"contentUrl\":\"https:\\\/\\\/rimdrivetechnology.nl\\\/wp-content\\\/uploads\\\/2024\\\/04\\\/RDT-20240325-0018100.png\",\"width\":1243,\"height\":1600,\"caption\":\"Bugtriebwerk-Tunnelsatz von Rim Drive Technology\"},{\"@type\":\"BreadcrumbList\",\"@id\":\"https:\\\/\\\/rimdrivetechnology.nl\\\/de\\\/produkt\\\/bugstrahlruder-25-0-unterwasser-tunnel-set\\\/#breadcrumb\",\"itemListElement\":[{\"@type\":\"ListItem\",\"position\":1,\"name\":\"Home\",\"item\":\"https:\\\/\\\/rimdrivetechnology.nl\\\/de\\\/\"},{\"@type\":\"ListItem\",\"position\":2,\"name\":\"Products\",\"item\":\"https:\\\/\\\/rimdrivetechnology.nl\\\/shop\\\/\"},{\"@type\":\"ListItem\",\"position\":3,\"name\":\"Bugstrahlruder Tunnel-Set 25.0-S\"}]},{\"@type\":\"WebSite\",\"@id\":\"https:\\\/\\\/rimdrivetechnology.nl\\\/#website\",\"url\":\"https:\\\/\\\/rimdrivetechnology.nl\\\/\",\"name\":\"Rim Drive Technology\",\"description\":\"\",\"potentialAction\":[{\"@type\":\"SearchAction\",\"target\":{\"@type\":\"EntryPoint\",\"urlTemplate\":\"https:\\\/\\\/rimdrivetechnology.nl\\\/?s={search_term_string}\"},\"query-input\":{\"@type\":\"PropertyValueSpecification\",\"valueRequired\":true,\"valueName\":\"search_term_string\"}}],\"inLanguage\":\"de\"}]}<\/script>\n<!-- \/ Yoast SEO plugin. -->","yoast_head_json":{"title":"Bugstrahlruder Tunnel-Set - Unterwasser 25.0kW I Rim Drive Technology","description":"Effizienz auf dem Wasser: Unser 25.0kW Bugstrahlruder Tunnel-Set - Unterwasser f\u00fcr Ihr Boot. Der Rim Drive beschleunigt in nur 1,5 Sekunden von null auf volle Drehzahl.","robots":{"index":"index","follow":"follow","max-snippet":"max-snippet:-1","max-image-preview":"max-image-preview:large","max-video-preview":"max-video-preview:-1"},"canonical":"https:\/\/rimdrivetechnology.nl\/de\/produkt\/bugstrahlruder-25-0-unterwasser-tunnel-set\/","og_locale":"de_DE","og_type":"article","og_title":"Bugstrahlruder Tunnel-Set - Unterwasser 25.0kW I Rim Drive Technology","og_description":"Effizienz auf dem Wasser: Unser 25.0kW Bugstrahlruder Tunnel-Set - Unterwasser f\u00fcr Ihr Boot. Der Rim Drive beschleunigt in nur 1,5 Sekunden von null auf volle Drehzahl.","og_url":"https:\/\/rimdrivetechnology.nl\/de\/produkt\/bugstrahlruder-25-0-unterwasser-tunnel-set\/","og_site_name":"Rim Drive Technology","article_modified_time":"2026-03-30T12:41:42+00:00","og_image":[{"width":1243,"height":1600,"url":"https:\/\/rimdrivetechnology.nl\/wp-content\/uploads\/2024\/04\/RDT-20240325-0018100.png","type":"image\/png"}],"twitter_card":"summary_large_image","twitter_misc":{"Gesch\u00e4tzte Lesezeit":"2\u00a0Minuten"},"schema":{"@context":"https:\/\/schema.org","@graph":[{"@type":"WebPage","@id":"https:\/\/rimdrivetechnology.nl\/de\/produkt\/bugstrahlruder-25-0-unterwasser-tunnel-set\/","url":"https:\/\/rimdrivetechnology.nl\/de\/produkt\/bugstrahlruder-25-0-unterwasser-tunnel-set\/","name":"Bugstrahlruder Tunnel-Set - Unterwasser 25.0kW I Rim Drive Technology","isPartOf":{"@id":"https:\/\/rimdrivetechnology.nl\/#website"},"primaryImageOfPage":{"@id":"https:\/\/rimdrivetechnology.nl\/de\/produkt\/bugstrahlruder-25-0-unterwasser-tunnel-set\/#primaryimage"},"image":{"@id":"https:\/\/rimdrivetechnology.nl\/de\/produkt\/bugstrahlruder-25-0-unterwasser-tunnel-set\/#primaryimage"},"thumbnailUrl":"https:\/\/rimdrivetechnology.nl\/wp-content\/uploads\/2024\/04\/RDT-20240325-0018100.png","datePublished":"2024-04-04T12:07:12+00:00","dateModified":"2026-03-30T12:41:42+00:00","description":"Effizienz auf dem Wasser: Unser 25.0kW Bugstrahlruder Tunnel-Set - Unterwasser f\u00fcr Ihr Boot. Der Rim Drive beschleunigt in nur 1,5 Sekunden von null auf volle Drehzahl.","breadcrumb":{"@id":"https:\/\/rimdrivetechnology.nl\/de\/produkt\/bugstrahlruder-25-0-unterwasser-tunnel-set\/#breadcrumb"},"inLanguage":"de","potentialAction":[{"@type":"ReadAction","target":["https:\/\/rimdrivetechnology.nl\/de\/produkt\/bugstrahlruder-25-0-unterwasser-tunnel-set\/"]}]},{"@type":"ImageObject","inLanguage":"de","@id":"https:\/\/rimdrivetechnology.nl\/de\/produkt\/bugstrahlruder-25-0-unterwasser-tunnel-set\/#primaryimage","url":"https:\/\/rimdrivetechnology.nl\/wp-content\/uploads\/2024\/04\/RDT-20240325-0018100.png","contentUrl":"https:\/\/rimdrivetechnology.nl\/wp-content\/uploads\/2024\/04\/RDT-20240325-0018100.png","width":1243,"height":1600,"caption":"Bugtriebwerk-Tunnelsatz von Rim Drive Technology"},{"@type":"BreadcrumbList","@id":"https:\/\/rimdrivetechnology.nl\/de\/produkt\/bugstrahlruder-25-0-unterwasser-tunnel-set\/#breadcrumb","itemListElement":[{"@type":"ListItem","position":1,"name":"Home","item":"https:\/\/rimdrivetechnology.nl\/de\/"},{"@type":"ListItem","position":2,"name":"Products","item":"https:\/\/rimdrivetechnology.nl\/shop\/"},{"@type":"ListItem","position":3,"name":"Bugstrahlruder Tunnel-Set 25.0-S"}]},{"@type":"WebSite","@id":"https:\/\/rimdrivetechnology.nl\/#website","url":"https:\/\/rimdrivetechnology.nl\/","name":"Rim Drive Technology","description":"","potentialAction":[{"@type":"SearchAction","target":{"@type":"EntryPoint","urlTemplate":"https:\/\/rimdrivetechnology.nl\/?s={search_term_string}"},"query-input":{"@type":"PropertyValueSpecification","valueRequired":true,"valueName":"search_term_string"}}],"inLanguage":"de"}]}},"_links":{"self":[{"href":"https:\/\/rimdrivetechnology.nl\/de\/wp-json\/wp\/v2\/product\/34023","targetHints":{"allow":["GET"]}}],"collection":[{"href":"https:\/\/rimdrivetechnology.nl\/de\/wp-json\/wp\/v2\/product"}],"about":[{"href":"https:\/\/rimdrivetechnology.nl\/de\/wp-json\/wp\/v2\/types\/product"}],"replies":[{"embeddable":true,"href":"https:\/\/rimdrivetechnology.nl\/de\/wp-json\/wp\/v2\/comments?post=34023"}],"wp:featuredmedia":[{"embeddable":true,"href":"https:\/\/rimdrivetechnology.nl\/de\/wp-json\/wp\/v2\/media\/33135"}],"wp:attachment":[{"href":"https:\/\/rimdrivetechnology.nl\/de\/wp-json\/wp\/v2\/media?parent=34023"}],"wp:term":[{"taxonomy":"product_brand","embeddable":true,"href":"https:\/\/rimdrivetechnology.nl\/de\/wp-json\/wp\/v2\/product_brand?post=34023"},{"taxonomy":"product_cat","embeddable":true,"href":"https:\/\/rimdrivetechnology.nl\/de\/wp-json\/wp\/v2\/product_cat?post=34023"},{"taxonomy":"product_tag","embeddable":true,"href":"https:\/\/rimdrivetechnology.nl\/de\/wp-json\/wp\/v2\/product_tag?post=34023"}],"curies":[{"name":"wp","href":"https:\/\/api.w.org\/{rel}","templated":true}]}}