{"id":33478,"date":"2025-01-02T08:47:38","date_gmt":"2025-01-02T08:47:38","guid":{"rendered":"https:\/\/rimdrivetechnology.nl\/product\/propeller-bis-zu-8-kw\/"},"modified":"2026-03-03T13:08:47","modified_gmt":"2026-03-03T13:08:47","slug":"propeller-bis-zu-8-kw","status":"publish","type":"product","link":"https:\/\/rimdrivetechnology.nl\/de\/produkt\/propeller-bis-zu-8-kw\/","title":{"rendered":"Propeller bis zu 8 kW"},"content":{"rendered":"<p>Diese hochwertigen Propeller, die f\u00fcr alle unsere Motoren bis zu 8 kW geeignet sind, bieten Vielseitigkeit und Zuverl\u00e4ssigkeit. Sie sind in drei Varianten erh\u00e4ltlich: symmetrisch, asymmetrisch im Uhrzeigersinn und asymmetrisch gegen den Uhrzeigersinn und gew\u00e4hrleisten maximale Effizienz f\u00fcr jede Nutzung. <\/p>\n<p>Die Propeller sind einfach zu installieren und zu ersetzen. Diese Propeller sind mit verschiedenen Anwendungen kompatibel und die ideale Erg\u00e4nzung f\u00fcr Ihr elektrisches Antriebssystem. <\/p>\n","protected":false},"excerpt":{"rendered":"<p>Diese hochwertigen Propeller, die f\u00fcr alle unsere Motoren bis zu 8 kW geeignet sind, bieten Vielseitigkeit und Zuverl\u00e4ssigkeit. Sie sind in drei Varianten erh\u00e4ltlich: symmetrisch, asymmetrisch im Uhrzeigersinn und asymmetrisch gegen den Uhrzeigersinn und gew\u00e4hrleisten maximale Effizienz f\u00fcr jede Nutzung. <\/p>\n<p>Die Propeller sind einfach zu installieren und zu ersetzen. Diese Propeller sind mit verschiedenen Anwendungen kompatibel und die ideale Erg\u00e4nzung f\u00fcr Ihr elektrisches Antriebssystem. <\/p>\n","protected":false},"featured_media":33480,"comment_status":"open","ping_status":"closed","template":"","meta":{"_acf_changed":false},"product_brand":[],"product_cat":[440],"product_tag":[],"class_list":{"0":"post-33478","1":"product","2":"type-product","3":"status-publish","4":"has-post-thumbnail","6":"product_cat-keine-kategorie","8":"first","9":"instock","10":"shipping-taxable","11":"product-type-simple"},"acf":[],"yoast_head":"<!-- This site is optimized with the Yoast SEO plugin v27.5 - https:\/\/yoast.com\/product\/yoast-seo-wordpress\/ -->\n<title>Propeller bis zu 8 kW - Rim Drive Technology<\/title>\n<meta name=\"description\" content=\"Diese hochwertigen Propeller, die f\u00fcr alle unsere Motoren bis zu 8 kW geeignet sind, bieten Vielseitigkeit und Zuverl\u00e4ssigkeit. Die Propeller sind einfach zu installieren und zu ersetzen.\" \/>\n<meta name=\"robots\" content=\"index, follow, max-snippet:-1, max-image-preview:large, max-video-preview:-1\" \/>\n<link rel=\"canonical\" href=\"https:\/\/rimdrivetechnology.nl\/de\/produkt\/propeller-bis-zu-8-kw\/\" \/>\n<meta property=\"og:locale\" content=\"de_DE\" \/>\n<meta property=\"og:type\" content=\"article\" \/>\n<meta property=\"og:title\" content=\"Propeller bis zu 8 kW - Rim Drive Technology\" \/>\n<meta property=\"og:description\" content=\"Diese hochwertigen Propeller, die f\u00fcr alle unsere Motoren bis zu 8 kW geeignet sind, bieten Vielseitigkeit und Zuverl\u00e4ssigkeit. Die Propeller sind einfach zu installieren und zu ersetzen.\" \/>\n<meta property=\"og:url\" content=\"https:\/\/rimdrivetechnology.nl\/de\/produkt\/propeller-bis-zu-8-kw\/\" \/>\n<meta property=\"og:site_name\" content=\"Rim Drive Technology\" \/>\n<meta property=\"article:modified_time\" content=\"2026-03-03T13:08:47+00:00\" \/>\n<meta property=\"og:image\" content=\"https:\/\/rimdrivetechnology.nl\/wp-content\/uploads\/2025\/01\/RDT20210805-5501.png\" \/>\n\t<meta property=\"og:image:width\" content=\"1442\" \/>\n\t<meta property=\"og:image:height\" content=\"1600\" \/>\n\t<meta property=\"og:image:type\" content=\"image\/png\" \/>\n<meta name=\"twitter:card\" content=\"summary_large_image\" \/>\n<script type=\"application\/ld+json\" class=\"yoast-schema-graph\">{\"@context\":\"https:\\\/\\\/schema.org\",\"@graph\":[{\"@type\":\"WebPage\",\"@id\":\"https:\\\/\\\/rimdrivetechnology.nl\\\/de\\\/produkt\\\/propeller-bis-zu-8-kw\\\/\",\"url\":\"https:\\\/\\\/rimdrivetechnology.nl\\\/de\\\/produkt\\\/propeller-bis-zu-8-kw\\\/\",\"name\":\"Propeller bis zu 8 kW - Rim Drive Technology\",\"isPartOf\":{\"@id\":\"https:\\\/\\\/rimdrivetechnology.nl\\\/#website\"},\"primaryImageOfPage\":{\"@id\":\"https:\\\/\\\/rimdrivetechnology.nl\\\/de\\\/produkt\\\/propeller-bis-zu-8-kw\\\/#primaryimage\"},\"image\":{\"@id\":\"https:\\\/\\\/rimdrivetechnology.nl\\\/de\\\/produkt\\\/propeller-bis-zu-8-kw\\\/#primaryimage\"},\"thumbnailUrl\":\"https:\\\/\\\/rimdrivetechnology.nl\\\/wp-content\\\/uploads\\\/2025\\\/01\\\/RDT20210805-5501.png\",\"datePublished\":\"2025-01-02T08:47:38+00:00\",\"dateModified\":\"2026-03-03T13:08:47+00:00\",\"description\":\"Diese hochwertigen Propeller, die f\u00fcr alle unsere Motoren bis zu 8 kW geeignet sind, bieten Vielseitigkeit und Zuverl\u00e4ssigkeit. Die Propeller sind einfach zu installieren und zu ersetzen.\",\"breadcrumb\":{\"@id\":\"https:\\\/\\\/rimdrivetechnology.nl\\\/de\\\/produkt\\\/propeller-bis-zu-8-kw\\\/#breadcrumb\"},\"inLanguage\":\"de\",\"potentialAction\":[{\"@type\":\"ReadAction\",\"target\":[\"https:\\\/\\\/rimdrivetechnology.nl\\\/de\\\/produkt\\\/propeller-bis-zu-8-kw\\\/\"]}]},{\"@type\":\"ImageObject\",\"inLanguage\":\"de\",\"@id\":\"https:\\\/\\\/rimdrivetechnology.nl\\\/de\\\/produkt\\\/propeller-bis-zu-8-kw\\\/#primaryimage\",\"url\":\"https:\\\/\\\/rimdrivetechnology.nl\\\/wp-content\\\/uploads\\\/2025\\\/01\\\/RDT20210805-5501.png\",\"contentUrl\":\"https:\\\/\\\/rimdrivetechnology.nl\\\/wp-content\\\/uploads\\\/2025\\\/01\\\/RDT20210805-5501.png\",\"width\":1442,\"height\":1600},{\"@type\":\"BreadcrumbList\",\"@id\":\"https:\\\/\\\/rimdrivetechnology.nl\\\/de\\\/produkt\\\/propeller-bis-zu-8-kw\\\/#breadcrumb\",\"itemListElement\":[{\"@type\":\"ListItem\",\"position\":1,\"name\":\"Home\",\"item\":\"https:\\\/\\\/rimdrivetechnology.nl\\\/de\\\/\"},{\"@type\":\"ListItem\",\"position\":2,\"name\":\"Products\",\"item\":\"https:\\\/\\\/rimdrivetechnology.nl\\\/shop\\\/\"},{\"@type\":\"ListItem\",\"position\":3,\"name\":\"Propeller bis zu 8 kW\"}]},{\"@type\":\"WebSite\",\"@id\":\"https:\\\/\\\/rimdrivetechnology.nl\\\/#website\",\"url\":\"https:\\\/\\\/rimdrivetechnology.nl\\\/\",\"name\":\"Rim Drive Technology\",\"description\":\"\",\"potentialAction\":[{\"@type\":\"SearchAction\",\"target\":{\"@type\":\"EntryPoint\",\"urlTemplate\":\"https:\\\/\\\/rimdrivetechnology.nl\\\/?s={search_term_string}\"},\"query-input\":{\"@type\":\"PropertyValueSpecification\",\"valueRequired\":true,\"valueName\":\"search_term_string\"}}],\"inLanguage\":\"de\"}]}<\/script>\n<!-- \/ Yoast SEO plugin. -->","yoast_head_json":{"title":"Propeller bis zu 8 kW - Rim Drive Technology","description":"Diese hochwertigen Propeller, die f\u00fcr alle unsere Motoren bis zu 8 kW geeignet sind, bieten Vielseitigkeit und Zuverl\u00e4ssigkeit. Die Propeller sind einfach zu installieren und zu ersetzen.","robots":{"index":"index","follow":"follow","max-snippet":"max-snippet:-1","max-image-preview":"max-image-preview:large","max-video-preview":"max-video-preview:-1"},"canonical":"https:\/\/rimdrivetechnology.nl\/de\/produkt\/propeller-bis-zu-8-kw\/","og_locale":"de_DE","og_type":"article","og_title":"Propeller bis zu 8 kW - Rim Drive Technology","og_description":"Diese hochwertigen Propeller, die f\u00fcr alle unsere Motoren bis zu 8 kW geeignet sind, bieten Vielseitigkeit und Zuverl\u00e4ssigkeit. Die Propeller sind einfach zu installieren und zu ersetzen.","og_url":"https:\/\/rimdrivetechnology.nl\/de\/produkt\/propeller-bis-zu-8-kw\/","og_site_name":"Rim Drive Technology","article_modified_time":"2026-03-03T13:08:47+00:00","og_image":[{"width":1442,"height":1600,"url":"https:\/\/rimdrivetechnology.nl\/wp-content\/uploads\/2025\/01\/RDT20210805-5501.png","type":"image\/png"}],"twitter_card":"summary_large_image","schema":{"@context":"https:\/\/schema.org","@graph":[{"@type":"WebPage","@id":"https:\/\/rimdrivetechnology.nl\/de\/produkt\/propeller-bis-zu-8-kw\/","url":"https:\/\/rimdrivetechnology.nl\/de\/produkt\/propeller-bis-zu-8-kw\/","name":"Propeller bis zu 8 kW - Rim Drive Technology","isPartOf":{"@id":"https:\/\/rimdrivetechnology.nl\/#website"},"primaryImageOfPage":{"@id":"https:\/\/rimdrivetechnology.nl\/de\/produkt\/propeller-bis-zu-8-kw\/#primaryimage"},"image":{"@id":"https:\/\/rimdrivetechnology.nl\/de\/produkt\/propeller-bis-zu-8-kw\/#primaryimage"},"thumbnailUrl":"https:\/\/rimdrivetechnology.nl\/wp-content\/uploads\/2025\/01\/RDT20210805-5501.png","datePublished":"2025-01-02T08:47:38+00:00","dateModified":"2026-03-03T13:08:47+00:00","description":"Diese hochwertigen Propeller, die f\u00fcr alle unsere Motoren bis zu 8 kW geeignet sind, bieten Vielseitigkeit und Zuverl\u00e4ssigkeit. Die Propeller sind einfach zu installieren und zu ersetzen.","breadcrumb":{"@id":"https:\/\/rimdrivetechnology.nl\/de\/produkt\/propeller-bis-zu-8-kw\/#breadcrumb"},"inLanguage":"de","potentialAction":[{"@type":"ReadAction","target":["https:\/\/rimdrivetechnology.nl\/de\/produkt\/propeller-bis-zu-8-kw\/"]}]},{"@type":"ImageObject","inLanguage":"de","@id":"https:\/\/rimdrivetechnology.nl\/de\/produkt\/propeller-bis-zu-8-kw\/#primaryimage","url":"https:\/\/rimdrivetechnology.nl\/wp-content\/uploads\/2025\/01\/RDT20210805-5501.png","contentUrl":"https:\/\/rimdrivetechnology.nl\/wp-content\/uploads\/2025\/01\/RDT20210805-5501.png","width":1442,"height":1600},{"@type":"BreadcrumbList","@id":"https:\/\/rimdrivetechnology.nl\/de\/produkt\/propeller-bis-zu-8-kw\/#breadcrumb","itemListElement":[{"@type":"ListItem","position":1,"name":"Home","item":"https:\/\/rimdrivetechnology.nl\/de\/"},{"@type":"ListItem","position":2,"name":"Products","item":"https:\/\/rimdrivetechnology.nl\/shop\/"},{"@type":"ListItem","position":3,"name":"Propeller bis zu 8 kW"}]},{"@type":"WebSite","@id":"https:\/\/rimdrivetechnology.nl\/#website","url":"https:\/\/rimdrivetechnology.nl\/","name":"Rim Drive Technology","description":"","potentialAction":[{"@type":"SearchAction","target":{"@type":"EntryPoint","urlTemplate":"https:\/\/rimdrivetechnology.nl\/?s={search_term_string}"},"query-input":{"@type":"PropertyValueSpecification","valueRequired":true,"valueName":"search_term_string"}}],"inLanguage":"de"}]}},"_links":{"self":[{"href":"https:\/\/rimdrivetechnology.nl\/de\/wp-json\/wp\/v2\/product\/33478","targetHints":{"allow":["GET"]}}],"collection":[{"href":"https:\/\/rimdrivetechnology.nl\/de\/wp-json\/wp\/v2\/product"}],"about":[{"href":"https:\/\/rimdrivetechnology.nl\/de\/wp-json\/wp\/v2\/types\/product"}],"replies":[{"embeddable":true,"href":"https:\/\/rimdrivetechnology.nl\/de\/wp-json\/wp\/v2\/comments?post=33478"}],"wp:featuredmedia":[{"embeddable":true,"href":"https:\/\/rimdrivetechnology.nl\/de\/wp-json\/wp\/v2\/media\/33480"}],"wp:attachment":[{"href":"https:\/\/rimdrivetechnology.nl\/de\/wp-json\/wp\/v2\/media?parent=33478"}],"wp:term":[{"taxonomy":"product_brand","embeddable":true,"href":"https:\/\/rimdrivetechnology.nl\/de\/wp-json\/wp\/v2\/product_brand?post=33478"},{"taxonomy":"product_cat","embeddable":true,"href":"https:\/\/rimdrivetechnology.nl\/de\/wp-json\/wp\/v2\/product_cat?post=33478"},{"taxonomy":"product_tag","embeddable":true,"href":"https:\/\/rimdrivetechnology.nl\/de\/wp-json\/wp\/v2\/product_tag?post=33478"}],"curies":[{"name":"wp","href":"https:\/\/api.w.org\/{rel}","templated":true}]}}