{"id":33121,"date":"2022-06-13T11:17:11","date_gmt":"2022-06-13T11:17:11","guid":{"rendered":"https:\/\/rimdrivetechnology.nl\/product\/standard-bugtriebwerk-15-0-s\/"},"modified":"2026-04-23T10:23:51","modified_gmt":"2026-04-23T10:23:51","slug":"bugstrahlruder-unterwasser-15-0","status":"publish","type":"product","link":"https:\/\/rimdrivetechnology.nl\/de\/produkt\/bugstrahlruder-unterwasser-15-0\/","title":{"rendered":"Bugstrahlruder 15.0-S"},"content":{"rendered":"<h1><strong>Standard-Bugstrahlruder \u2013 Unterwasser<\/strong><\/h1>\n<p>Unser Standard-Bugstrahlruder mit 15,0 kW Unterwasserantrieb f\u00fcr Ihr Boot! Diese Motoren sind perfekte Kandidaten f\u00fcr diejenigen, die elektrisch segeln m\u00f6chten, da sie ein stromlinienf\u00f6rmiges Design haben, nachhaltig und funktional sind. Aufgrund seines einzigartigen Designs besteht der Motor nur aus einem rotierenden Teil. Es senkt die Wartungskosten erheblich. In Kombination mit extrem hohem Drehmoment, schneller Reaktionszeit und Salzwasserkompatibilit\u00e4t k\u00f6nnen unsere elektrischen Antriebsmotoren in vielen Booten ausgestattet werden.    <\/p>\n<p>Sie finden den Standard-Bugtriebwerk mit 15,0 kW Unterwasserantrieb und andere Rim Drive Technology-Motoren auf Sloops, autonomen unbemannten Fahrzeugen, ROVs, Forschungsschiffen und marinebezogenen Segell\u00f6sungen.<\/p>\n<h2><strong>Einzigartiges Design<\/strong><\/h2>\n<p>W\u00e4hrend der Designphase haben wir Ziele gesetzt, um die Installations- und Servicekosten f\u00fcr unsere Nutzer zu minimieren. Durch die Verwendung nur eines rotierenden Teils haben wir geringere Wartungskosten erreicht.  Andererseits gelang es uns, eine Anode oder Propeller innerhalb von weniger als zwei Minuten zu ersetzen.<br \/>\nAlle unsere Produkte sind salzwasserbest\u00e4ndig, um die Installation f\u00fcr jeden Bootsbesitzer zu erleichtern. Dar\u00fcber hinaus sind alle Motoren mit einer IP68-Zertifizierung zertifiziert.  Wir m\u00f6chten unsere Kunden von Anfang bis Ende unterst\u00fctzen. Um dies zu erreichen, bieten wir eine breite Palette an Zubeh\u00f6r an, das die Benutzerfreundlichkeit unserer Motoren erh\u00f6ht.  Um das beste Kundenerlebnis zu bieten, arbeiten unsere Zubeh\u00f6rteile effizient mit all unseren elektrischen Antriebsmotoren.<\/p>\n<h3><strong>Standardmodelle mit Bugtriebwerken unter Wasser von 0,5 bis 75 kW<\/strong><\/h3>\n<p>Unsere standardm\u00e4\u00dfigen Unterwassertriebwerke mit Bugtriebwerken sind in einem breiten Leistungsbereich erh\u00e4ltlich, von 0,5 kW f\u00fcr kleinere Schiffe bis zu 75 kW f\u00fcr kommerzielle, Forschungs- und professionelle Schiffsanwendungen.<\/p>\n<p>Alle Modelle basieren auf Rim Drive Technology und bieten hohen Schub, schnelle Reaktion und zuverl\u00e4ssige Leistung mit minimalem Wartungsaufwand \u2013 selbst in rauen Salzwasserumgebungen.<\/p>\n<p>Entdecken Sie alle Spezifikationen, Abmessungen und Leistungsdetails in unserem <a href=\"https:\/\/rimdrivetechnology.nl\/de\/product-categorie\/unterwasser\/bugstrahlruder-unterwasser\/\">Standard-Bugtriebwerksproduktsortiment.<\/a><\/p>\n<h4><strong>Wissensaustausch und Dokumente<\/strong><\/h4>\n<p>Wir m\u00f6chten unseren Kunden den Betrieb unserer Produkte erkl\u00e4ren. Auf unserer Website finden Sie zu jedem Produkt die relevantesten Informationen.  Zun\u00e4chst k\u00f6nnen Sie, um Ihnen die Art der Installation und die wichtigen Punkte unserer Produkte zu vermitteln, Handb\u00fccher herunterladen. Zweitens, um Ihnen die extrem begrenzte Gr\u00f6\u00dfe unserer Produkte zu vermitteln, und um sie einfach in Ihr Design integrieren zu k\u00f6nnen, k\u00f6nnen Sie 3D-Step-Dateien herunterladen. Um Ihnen die Eigenschaften unserer Produkte zu vermitteln, k\u00f6nnen Sie schlie\u00dflich Brosch\u00fcren herunterladen.  <\/p>\n<p>Diese Werkzeuge und Dokumente erm\u00f6glichen es dem Kunden, den richtigen elektrischen Bugantrieb f\u00fcr sein Boot auszuw\u00e4hlen.<\/p>\n","protected":false},"excerpt":{"rendered":"<p>Entfesseln Sie Leistung mit einem maximalen Eingang von 15.0 kW und einer Nennspannung von 48 V, wodurch ein Wirkungsgrad von \u00fcber 90 % erreicht wird. Die sofortige Beschleunigung zeichnet dieses Produkt aus, w\u00e4hrend das kompakte und leichte Design es ideal f\u00fcr Installationen mit begrenztem Platzangebot macht. Mit nur einem rotierenden Teil wird der Wartungsaufwand minimiert. Genie\u00dfen Sie die symmetrischen Motoren f\u00fcr eine optimale Integration. Dar\u00fcber hinaus sind alle Motoren vollst\u00e4ndig wasserdicht gem\u00e4\u00df Schutzklasse IP68, was durch eine vollst\u00e4ndige Vergie\u00dfung des Motors ohne Verwendung von Dichtungen erreicht wird. Das Design minimiert auch das Risiko einer Besch\u00e4digung des Propellers und gew\u00e4hrleistet eine perfekte Leistung in jeder Unterwasserumgebung. Standardm\u00e4\u00dfig einsetzbar in einer maximalen Tiefe von 50 m und mit einer optionalen Aufr\u00fcstung auf 3000 Meter Tiefe.      <\/p>\n","protected":false},"featured_media":33126,"comment_status":"open","ping_status":"closed","template":"","meta":{"_acf_changed":false},"product_brand":[],"product_cat":[448,447],"product_tag":[],"class_list":{"0":"post-33121","1":"product","2":"type-product","3":"status-publish","4":"has-post-thumbnail","6":"product_cat-bugstrahlruder-unterwasser","7":"product_cat-unterwasser","9":"first","10":"instock","11":"shipping-taxable","12":"purchasable","13":"product-type-simple"},"acf":[],"yoast_head":"<!-- This site is optimized with the Yoast SEO plugin v27.5 - https:\/\/yoast.com\/product\/yoast-seo-wordpress\/ -->\n<title>Standard Bugstrahlruder \u2013 Unterwasser 15.0kW I Rim Drive Technology<\/title>\n<meta name=\"description\" content=\"Effizienz auf dem Wasser: Unser 15.0kW Standard Bugstrahlruder-Unterwasser f\u00fcr Ihr Boot. Der Rim Drive beschleunigt in nur 1,5 Sekunden von null auf volle Drehzahl.\" \/>\n<meta name=\"robots\" content=\"index, follow, max-snippet:-1, max-image-preview:large, max-video-preview:-1\" \/>\n<link rel=\"canonical\" href=\"https:\/\/rimdrivetechnology.nl\/de\/produkt\/bugstrahlruder-unterwasser-15-0\/\" \/>\n<meta property=\"og:locale\" content=\"de_DE\" \/>\n<meta property=\"og:type\" content=\"article\" \/>\n<meta property=\"og:title\" content=\"Standard Bugstrahlruder \u2013 Unterwasser 15.0kW I Rim Drive Technology\" \/>\n<meta property=\"og:description\" content=\"Effizienz auf dem Wasser: Unser 15.0kW Standard Bugstrahlruder-Unterwasser f\u00fcr Ihr Boot. Der Rim Drive beschleunigt in nur 1,5 Sekunden von null auf volle Drehzahl.\" \/>\n<meta property=\"og:url\" content=\"https:\/\/rimdrivetechnology.nl\/de\/produkt\/bugstrahlruder-unterwasser-15-0\/\" \/>\n<meta property=\"og:site_name\" content=\"Rim Drive Technology\" \/>\n<meta property=\"article:modified_time\" content=\"2026-04-23T10:23:51+00:00\" \/>\n<meta property=\"og:image\" content=\"https:\/\/rimdrivetechnology.nl\/wp-content\/uploads\/2021\/09\/ST-plaatje-17.png\" \/>\n\t<meta property=\"og:image:width\" content=\"1120\" \/>\n\t<meta property=\"og:image:height\" content=\"1536\" \/>\n\t<meta property=\"og:image:type\" content=\"image\/png\" \/>\n<meta name=\"twitter:card\" content=\"summary_large_image\" \/>\n<meta name=\"twitter:label1\" content=\"Gesch\u00e4tzte Lesezeit\" \/>\n\t<meta name=\"twitter:data1\" content=\"2\u00a0Minuten\" \/>\n<script type=\"application\/ld+json\" class=\"yoast-schema-graph\">{\"@context\":\"https:\\\/\\\/schema.org\",\"@graph\":[{\"@type\":\"WebPage\",\"@id\":\"https:\\\/\\\/rimdrivetechnology.nl\\\/de\\\/produkt\\\/bugstrahlruder-unterwasser-15-0\\\/\",\"url\":\"https:\\\/\\\/rimdrivetechnology.nl\\\/de\\\/produkt\\\/bugstrahlruder-unterwasser-15-0\\\/\",\"name\":\"Standard Bugstrahlruder \u2013 Unterwasser 15.0kW I Rim Drive Technology\",\"isPartOf\":{\"@id\":\"https:\\\/\\\/rimdrivetechnology.nl\\\/#website\"},\"primaryImageOfPage\":{\"@id\":\"https:\\\/\\\/rimdrivetechnology.nl\\\/de\\\/produkt\\\/bugstrahlruder-unterwasser-15-0\\\/#primaryimage\"},\"image\":{\"@id\":\"https:\\\/\\\/rimdrivetechnology.nl\\\/de\\\/produkt\\\/bugstrahlruder-unterwasser-15-0\\\/#primaryimage\"},\"thumbnailUrl\":\"https:\\\/\\\/rimdrivetechnology.nl\\\/wp-content\\\/uploads\\\/2021\\\/09\\\/ST-plaatje-17.png\",\"datePublished\":\"2022-06-13T11:17:11+00:00\",\"dateModified\":\"2026-04-23T10:23:51+00:00\",\"description\":\"Effizienz auf dem Wasser: Unser 15.0kW Standard Bugstrahlruder-Unterwasser f\u00fcr Ihr Boot. Der Rim Drive beschleunigt in nur 1,5 Sekunden von null auf volle Drehzahl.\",\"breadcrumb\":{\"@id\":\"https:\\\/\\\/rimdrivetechnology.nl\\\/de\\\/produkt\\\/bugstrahlruder-unterwasser-15-0\\\/#breadcrumb\"},\"inLanguage\":\"de\",\"potentialAction\":[{\"@type\":\"ReadAction\",\"target\":[\"https:\\\/\\\/rimdrivetechnology.nl\\\/de\\\/produkt\\\/bugstrahlruder-unterwasser-15-0\\\/\"]}]},{\"@type\":\"ImageObject\",\"inLanguage\":\"de\",\"@id\":\"https:\\\/\\\/rimdrivetechnology.nl\\\/de\\\/produkt\\\/bugstrahlruder-unterwasser-15-0\\\/#primaryimage\",\"url\":\"https:\\\/\\\/rimdrivetechnology.nl\\\/wp-content\\\/uploads\\\/2021\\\/09\\\/ST-plaatje-17.png\",\"contentUrl\":\"https:\\\/\\\/rimdrivetechnology.nl\\\/wp-content\\\/uploads\\\/2021\\\/09\\\/ST-plaatje-17.png\",\"width\":1120,\"height\":1536,\"caption\":\"Standard-Bugstrahlruder-Unterwassermotor von Rim Drive Technology\"},{\"@type\":\"BreadcrumbList\",\"@id\":\"https:\\\/\\\/rimdrivetechnology.nl\\\/de\\\/produkt\\\/bugstrahlruder-unterwasser-15-0\\\/#breadcrumb\",\"itemListElement\":[{\"@type\":\"ListItem\",\"position\":1,\"name\":\"Home\",\"item\":\"https:\\\/\\\/rimdrivetechnology.nl\\\/de\\\/\"},{\"@type\":\"ListItem\",\"position\":2,\"name\":\"Products\",\"item\":\"https:\\\/\\\/rimdrivetechnology.nl\\\/shop\\\/\"},{\"@type\":\"ListItem\",\"position\":3,\"name\":\"Bugstrahlruder 15.0-S\"}]},{\"@type\":\"WebSite\",\"@id\":\"https:\\\/\\\/rimdrivetechnology.nl\\\/#website\",\"url\":\"https:\\\/\\\/rimdrivetechnology.nl\\\/\",\"name\":\"Rim Drive Technology\",\"description\":\"\",\"potentialAction\":[{\"@type\":\"SearchAction\",\"target\":{\"@type\":\"EntryPoint\",\"urlTemplate\":\"https:\\\/\\\/rimdrivetechnology.nl\\\/?s={search_term_string}\"},\"query-input\":{\"@type\":\"PropertyValueSpecification\",\"valueRequired\":true,\"valueName\":\"search_term_string\"}}],\"inLanguage\":\"de\"}]}<\/script>\n<!-- \/ Yoast SEO plugin. -->","yoast_head_json":{"title":"Standard Bugstrahlruder \u2013 Unterwasser 15.0kW I Rim Drive Technology","description":"Effizienz auf dem Wasser: Unser 15.0kW Standard Bugstrahlruder-Unterwasser f\u00fcr Ihr Boot. Der Rim Drive beschleunigt in nur 1,5 Sekunden von null auf volle Drehzahl.","robots":{"index":"index","follow":"follow","max-snippet":"max-snippet:-1","max-image-preview":"max-image-preview:large","max-video-preview":"max-video-preview:-1"},"canonical":"https:\/\/rimdrivetechnology.nl\/de\/produkt\/bugstrahlruder-unterwasser-15-0\/","og_locale":"de_DE","og_type":"article","og_title":"Standard Bugstrahlruder \u2013 Unterwasser 15.0kW I Rim Drive Technology","og_description":"Effizienz auf dem Wasser: Unser 15.0kW Standard Bugstrahlruder-Unterwasser f\u00fcr Ihr Boot. Der Rim Drive beschleunigt in nur 1,5 Sekunden von null auf volle Drehzahl.","og_url":"https:\/\/rimdrivetechnology.nl\/de\/produkt\/bugstrahlruder-unterwasser-15-0\/","og_site_name":"Rim Drive Technology","article_modified_time":"2026-04-23T10:23:51+00:00","og_image":[{"width":1120,"height":1536,"url":"https:\/\/rimdrivetechnology.nl\/wp-content\/uploads\/2021\/09\/ST-plaatje-17.png","type":"image\/png"}],"twitter_card":"summary_large_image","twitter_misc":{"Gesch\u00e4tzte Lesezeit":"2\u00a0Minuten"},"schema":{"@context":"https:\/\/schema.org","@graph":[{"@type":"WebPage","@id":"https:\/\/rimdrivetechnology.nl\/de\/produkt\/bugstrahlruder-unterwasser-15-0\/","url":"https:\/\/rimdrivetechnology.nl\/de\/produkt\/bugstrahlruder-unterwasser-15-0\/","name":"Standard Bugstrahlruder \u2013 Unterwasser 15.0kW I Rim Drive Technology","isPartOf":{"@id":"https:\/\/rimdrivetechnology.nl\/#website"},"primaryImageOfPage":{"@id":"https:\/\/rimdrivetechnology.nl\/de\/produkt\/bugstrahlruder-unterwasser-15-0\/#primaryimage"},"image":{"@id":"https:\/\/rimdrivetechnology.nl\/de\/produkt\/bugstrahlruder-unterwasser-15-0\/#primaryimage"},"thumbnailUrl":"https:\/\/rimdrivetechnology.nl\/wp-content\/uploads\/2021\/09\/ST-plaatje-17.png","datePublished":"2022-06-13T11:17:11+00:00","dateModified":"2026-04-23T10:23:51+00:00","description":"Effizienz auf dem Wasser: Unser 15.0kW Standard Bugstrahlruder-Unterwasser f\u00fcr Ihr Boot. Der Rim Drive beschleunigt in nur 1,5 Sekunden von null auf volle Drehzahl.","breadcrumb":{"@id":"https:\/\/rimdrivetechnology.nl\/de\/produkt\/bugstrahlruder-unterwasser-15-0\/#breadcrumb"},"inLanguage":"de","potentialAction":[{"@type":"ReadAction","target":["https:\/\/rimdrivetechnology.nl\/de\/produkt\/bugstrahlruder-unterwasser-15-0\/"]}]},{"@type":"ImageObject","inLanguage":"de","@id":"https:\/\/rimdrivetechnology.nl\/de\/produkt\/bugstrahlruder-unterwasser-15-0\/#primaryimage","url":"https:\/\/rimdrivetechnology.nl\/wp-content\/uploads\/2021\/09\/ST-plaatje-17.png","contentUrl":"https:\/\/rimdrivetechnology.nl\/wp-content\/uploads\/2021\/09\/ST-plaatje-17.png","width":1120,"height":1536,"caption":"Standard-Bugstrahlruder-Unterwassermotor von Rim Drive Technology"},{"@type":"BreadcrumbList","@id":"https:\/\/rimdrivetechnology.nl\/de\/produkt\/bugstrahlruder-unterwasser-15-0\/#breadcrumb","itemListElement":[{"@type":"ListItem","position":1,"name":"Home","item":"https:\/\/rimdrivetechnology.nl\/de\/"},{"@type":"ListItem","position":2,"name":"Products","item":"https:\/\/rimdrivetechnology.nl\/shop\/"},{"@type":"ListItem","position":3,"name":"Bugstrahlruder 15.0-S"}]},{"@type":"WebSite","@id":"https:\/\/rimdrivetechnology.nl\/#website","url":"https:\/\/rimdrivetechnology.nl\/","name":"Rim Drive Technology","description":"","potentialAction":[{"@type":"SearchAction","target":{"@type":"EntryPoint","urlTemplate":"https:\/\/rimdrivetechnology.nl\/?s={search_term_string}"},"query-input":{"@type":"PropertyValueSpecification","valueRequired":true,"valueName":"search_term_string"}}],"inLanguage":"de"}]}},"_links":{"self":[{"href":"https:\/\/rimdrivetechnology.nl\/de\/wp-json\/wp\/v2\/product\/33121","targetHints":{"allow":["GET"]}}],"collection":[{"href":"https:\/\/rimdrivetechnology.nl\/de\/wp-json\/wp\/v2\/product"}],"about":[{"href":"https:\/\/rimdrivetechnology.nl\/de\/wp-json\/wp\/v2\/types\/product"}],"replies":[{"embeddable":true,"href":"https:\/\/rimdrivetechnology.nl\/de\/wp-json\/wp\/v2\/comments?post=33121"}],"wp:featuredmedia":[{"embeddable":true,"href":"https:\/\/rimdrivetechnology.nl\/de\/wp-json\/wp\/v2\/media\/33126"}],"wp:attachment":[{"href":"https:\/\/rimdrivetechnology.nl\/de\/wp-json\/wp\/v2\/media?parent=33121"}],"wp:term":[{"taxonomy":"product_brand","embeddable":true,"href":"https:\/\/rimdrivetechnology.nl\/de\/wp-json\/wp\/v2\/product_brand?post=33121"},{"taxonomy":"product_cat","embeddable":true,"href":"https:\/\/rimdrivetechnology.nl\/de\/wp-json\/wp\/v2\/product_cat?post=33121"},{"taxonomy":"product_tag","embeddable":true,"href":"https:\/\/rimdrivetechnology.nl\/de\/wp-json\/wp\/v2\/product_tag?post=33121"}],"curies":[{"name":"wp","href":"https:\/\/api.w.org\/{rel}","templated":true}]}}